{"id":99574,"date":"2021-06-24T14:22:58","date_gmt":"2021-06-24T11:22:58","guid":{"rendered":"https:\/\/dev.tactic.net\/tuote\/kallo-knippla\/"},"modified":"2024-03-26T08:44:08","modified_gmt":"2024-03-26T06:44:08","slug":"kallo-knippla","status":"archive","type":"product","link":"https:\/\/games.tactic.net\/sv\/tuote\/kallo-knippla\/","title":{"rendered":"K\u00e4ll\u00f6-Knippla"},"content":{"rendered":"<p>This island was merged from two smaller islands, K\u00e4ll\u00f6 and Knippla. It\u00b4s more than worth a visit!<\/p>\n","protected":false},"excerpt":{"rendered":"<p>This island was merged from two smaller islands, K\u00e4ll\u00f6 and Knippla. It\u00b4s more than worth a visit!<\/p>\n","protected":false},"featured_media":0,"template":"","meta":{"content-type":"","_monsterinsights_skip_tracking":false,"_monsterinsights_sitenote_active":false,"_monsterinsights_sitenote_note":"","_monsterinsights_sitenote_category":0},"product_brand":[],"product_cat":[985,2087],"product_tag":[],"brand":[{"id":605,"name":"PuzzleLovers","slug":"puzzlelovers_se"}],"target-group":[],"discontinued":[],"class_list":{"0":"post-99574","1":"product","2":"type-product","3":"status-archive","5":"product_cat-1000-bitar-2","6":"product_cat-outlet-3","7":"brand-puzzlelovers_se","9":"first","10":"outofstock","11":"sale","12":"taxable","13":"shipping-taxable","14":"product-type-simple"},"aioseo_notices":[],"_links":{"self":[{"href":"https:\/\/games.tactic.net\/sv\/wp-json\/wp\/v2\/product\/99574","targetHints":{"allow":["GET"]}}],"collection":[{"href":"https:\/\/games.tactic.net\/sv\/wp-json\/wp\/v2\/product"}],"about":[{"href":"https:\/\/games.tactic.net\/sv\/wp-json\/wp\/v2\/types\/product"}],"wp:attachment":[{"href":"https:\/\/games.tactic.net\/sv\/wp-json\/wp\/v2\/media?parent=99574"}],"wp:term":[{"taxonomy":"product_brand","embeddable":true,"href":"https:\/\/games.tactic.net\/sv\/wp-json\/wp\/v2\/product_brand?post=99574"},{"taxonomy":"product_cat","embeddable":true,"href":"https:\/\/games.tactic.net\/sv\/wp-json\/wp\/v2\/product_cat?post=99574"},{"taxonomy":"product_tag","embeddable":true,"href":"https:\/\/games.tactic.net\/sv\/wp-json\/wp\/v2\/product_tag?post=99574"},{"taxonomy":"brand","embeddable":true,"href":"https:\/\/games.tactic.net\/sv\/wp-json\/wp\/v2\/brand?post=99574"},{"taxonomy":"target-group","embeddable":true,"href":"https:\/\/games.tactic.net\/sv\/wp-json\/wp\/v2\/target-group?post=99574"},{"taxonomy":"discontinued","embeddable":true,"href":"https:\/\/games.tactic.net\/sv\/wp-json\/wp\/v2\/discontinued?post=99574"}],"curies":[{"name":"wp","href":"https:\/\/api.w.org\/{rel}","templated":true}]}}