{"id":98542,"date":"2021-06-23T15:30:32","date_gmt":"2021-06-23T12:30:32","guid":{"rendered":"https:\/\/dev.tactic.net\/tuote\/trendy-yatzy\/"},"modified":"2026-02-19T10:47:07","modified_gmt":"2026-02-19T08:47:07","slug":"trendy-yatzy","status":"archive","type":"product","link":"https:\/\/games.tactic.net\/sv\/tuote\/trendy-yatzy\/","title":{"rendered":"Tactic Trendy Yatzy t\u00e4rningsspel"},"content":{"rendered":"<p>Ett roligt t\u00e4rningsspel. Yatzy \u00e4r ett gammalt och k\u00e4nt t\u00e4rningsspel, som spelas med fem t\u00e4rningar. Du ska f\u00f6rs\u00f6ka att f\u00e5 s\u00e5 m\u00e5nga po\u00e4ng som m\u00f6jligt p\u00e5 protokollet.<\/p>\n","protected":false},"excerpt":{"rendered":"<p>Yatzy \u00e4r ett gammalt och k\u00e4nt t\u00e4rningsspel, som spelas med fem t\u00e4rningar.<\/p>\n","protected":false},"featured_media":0,"template":"","meta":{"content-type":"","_monsterinsights_skip_tracking":false,"_monsterinsights_sitenote_active":false,"_monsterinsights_sitenote_note":"","_monsterinsights_sitenote_category":0},"product_brand":[],"product_cat":[1563,1578],"product_tag":[1240,857],"brand":[],"target-group":[],"discontinued":[],"class_list":{"0":"post-98542","1":"product","2":"type-product","3":"status-archive","5":"product_cat-kort-och-tarningsspel","6":"product_cat-kort-och-tarningsspel-familjespel","7":"product_tag-rakning-sv","8":"product_tag-tur","10":"first","11":"outofstock","12":"taxable","13":"shipping-taxable","14":"product-type-simple"},"aioseo_notices":[],"_links":{"self":[{"href":"https:\/\/games.tactic.net\/sv\/wp-json\/wp\/v2\/product\/98542","targetHints":{"allow":["GET"]}}],"collection":[{"href":"https:\/\/games.tactic.net\/sv\/wp-json\/wp\/v2\/product"}],"about":[{"href":"https:\/\/games.tactic.net\/sv\/wp-json\/wp\/v2\/types\/product"}],"wp:attachment":[{"href":"https:\/\/games.tactic.net\/sv\/wp-json\/wp\/v2\/media?parent=98542"}],"wp:term":[{"taxonomy":"product_brand","embeddable":true,"href":"https:\/\/games.tactic.net\/sv\/wp-json\/wp\/v2\/product_brand?post=98542"},{"taxonomy":"product_cat","embeddable":true,"href":"https:\/\/games.tactic.net\/sv\/wp-json\/wp\/v2\/product_cat?post=98542"},{"taxonomy":"product_tag","embeddable":true,"href":"https:\/\/games.tactic.net\/sv\/wp-json\/wp\/v2\/product_tag?post=98542"},{"taxonomy":"brand","embeddable":true,"href":"https:\/\/games.tactic.net\/sv\/wp-json\/wp\/v2\/brand?post=98542"},{"taxonomy":"target-group","embeddable":true,"href":"https:\/\/games.tactic.net\/sv\/wp-json\/wp\/v2\/target-group?post=98542"},{"taxonomy":"discontinued","embeddable":true,"href":"https:\/\/games.tactic.net\/sv\/wp-json\/wp\/v2\/discontinued?post=98542"}],"curies":[{"name":"wp","href":"https:\/\/api.w.org\/{rel}","templated":true}]}}