{"id":98443,"date":"2021-06-23T15:12:23","date_gmt":"2021-06-23T12:12:23","guid":{"rendered":"https:\/\/dev.tactic.net\/tuote\/top-magic-nr-5\/"},"modified":"2024-08-20T10:52:17","modified_gmt":"2024-08-20T07:52:17","slug":"top-magic-nr-5","status":"archive","type":"product","link":"https:\/\/games.tactic.net\/sv\/tuote\/top-magic-nr-5\/","title":{"rendered":"Top Magic nr. 5"},"content":{"rendered":"<p>Fantastiska knep f\u00f6r barn!<br \/>\n-R\u00f6ntgen syn<br \/>\n-F\u00f6rsvinnande kort<br \/>\n-Ring g\u00e5ta<\/p>\n","protected":false},"excerpt":{"rendered":"<p>Fantastiska knep f\u00f6r barn! -R\u00f6ntgen syn -F\u00f6rsvinnande kort -Ring g\u00e5ta<\/p>\n","protected":false},"featured_media":0,"template":"","meta":{"content-type":"","_monsterinsights_skip_tracking":false,"_monsterinsights_sitenote_active":false,"_monsterinsights_sitenote_note":"","_monsterinsights_sitenote_category":0},"product_brand":[],"product_cat":[1616],"product_tag":[],"brand":[],"target-group":[],"discontinued":[],"class_list":{"0":"post-98443","1":"product","2":"type-product","3":"status-archive","5":"product_cat-magiska-trick-och-skamt","7":"first","8":"outofstock","9":"taxable","10":"shipping-taxable","11":"product-type-simple"},"aioseo_notices":[],"_links":{"self":[{"href":"https:\/\/games.tactic.net\/sv\/wp-json\/wp\/v2\/product\/98443","targetHints":{"allow":["GET"]}}],"collection":[{"href":"https:\/\/games.tactic.net\/sv\/wp-json\/wp\/v2\/product"}],"about":[{"href":"https:\/\/games.tactic.net\/sv\/wp-json\/wp\/v2\/types\/product"}],"wp:attachment":[{"href":"https:\/\/games.tactic.net\/sv\/wp-json\/wp\/v2\/media?parent=98443"}],"wp:term":[{"taxonomy":"product_brand","embeddable":true,"href":"https:\/\/games.tactic.net\/sv\/wp-json\/wp\/v2\/product_brand?post=98443"},{"taxonomy":"product_cat","embeddable":true,"href":"https:\/\/games.tactic.net\/sv\/wp-json\/wp\/v2\/product_cat?post=98443"},{"taxonomy":"product_tag","embeddable":true,"href":"https:\/\/games.tactic.net\/sv\/wp-json\/wp\/v2\/product_tag?post=98443"},{"taxonomy":"brand","embeddable":true,"href":"https:\/\/games.tactic.net\/sv\/wp-json\/wp\/v2\/brand?post=98443"},{"taxonomy":"target-group","embeddable":true,"href":"https:\/\/games.tactic.net\/sv\/wp-json\/wp\/v2\/target-group?post=98443"},{"taxonomy":"discontinued","embeddable":true,"href":"https:\/\/games.tactic.net\/sv\/wp-json\/wp\/v2\/discontinued?post=98443"}],"curies":[{"name":"wp","href":"https:\/\/api.w.org\/{rel}","templated":true}]}}