{"id":917348,"date":"2023-10-13T15:18:37","date_gmt":"2023-10-13T12:18:37","guid":{"rendered":"https:\/\/games.tactic.net\/tuote\/bruder-mb-sprinter-transfer-with-driver\/"},"modified":"2026-03-23T10:09:51","modified_gmt":"2026-03-23T08:09:51","slug":"bruder-mb-sprinter-transfer-with-driver","status":"archive","type":"product","link":"https:\/\/games.tactic.net\/sv\/tuote\/bruder-mb-sprinter-transfer-with-driver\/","title":{"rendered":"Bruder Mercedes-Benz Sprinter Transfer med f\u00f6rare leksak"},"content":{"rendered":"<p>Sprinter Transfer erbjuder n\u00e4stan obegr\u00e4nsade anv\u00e4ndningsomr\u00e5den \u2013 fr\u00e5n skolbuss och personalbuss till flygplatstransfer och bekv\u00e4ma regionalbussar. Denna nya Sprinter ing\u00e5r nu i BRUDER:s sortiment. F\u00f6rard\u00f6rr och bakd\u00f6rrar \u00f6ppnas; en ny skjutd\u00f6rr p\u00e5 passagerarsidan \u00e4r en s\u00e4rskild h\u00f6jdpunkt. Interi\u00f6ren \u00e4r flexibel: baks\u00e4tena kan monteras i olika riktningar eller tas bort helt. F\u00f6raren ing\u00e5r. Alla bworld-figurer passar i detta fordon.<\/p>\n","protected":false},"excerpt":{"rendered":"<p>Sprinter Transfer har flexibel interi\u00f6r med flyttbara s\u00e4ten. D\u00f6rrar \u00f6ppnas och sidod\u00f6rren skjuts. F\u00f6rsta leverans: med f\u00f6rare.<\/p>\n","protected":false},"featured_media":0,"template":"","meta":{"content-type":"","_monsterinsights_skip_tracking":false,"_monsterinsights_sitenote_active":false,"_monsterinsights_sitenote_note":"","_monsterinsights_sitenote_category":0},"product_brand":[],"product_cat":[823],"product_tag":[],"brand":[],"target-group":[],"discontinued":[],"class_list":{"0":"post-917348","1":"product","2":"type-product","3":"status-archive","5":"product_cat-bruder","7":"first","8":"outofstock","9":"taxable","10":"shipping-taxable","11":"product-type-simple"},"aioseo_notices":[],"_links":{"self":[{"href":"https:\/\/games.tactic.net\/sv\/wp-json\/wp\/v2\/product\/917348","targetHints":{"allow":["GET"]}}],"collection":[{"href":"https:\/\/games.tactic.net\/sv\/wp-json\/wp\/v2\/product"}],"about":[{"href":"https:\/\/games.tactic.net\/sv\/wp-json\/wp\/v2\/types\/product"}],"wp:attachment":[{"href":"https:\/\/games.tactic.net\/sv\/wp-json\/wp\/v2\/media?parent=917348"}],"wp:term":[{"taxonomy":"product_brand","embeddable":true,"href":"https:\/\/games.tactic.net\/sv\/wp-json\/wp\/v2\/product_brand?post=917348"},{"taxonomy":"product_cat","embeddable":true,"href":"https:\/\/games.tactic.net\/sv\/wp-json\/wp\/v2\/product_cat?post=917348"},{"taxonomy":"product_tag","embeddable":true,"href":"https:\/\/games.tactic.net\/sv\/wp-json\/wp\/v2\/product_tag?post=917348"},{"taxonomy":"brand","embeddable":true,"href":"https:\/\/games.tactic.net\/sv\/wp-json\/wp\/v2\/brand?post=917348"},{"taxonomy":"target-group","embeddable":true,"href":"https:\/\/games.tactic.net\/sv\/wp-json\/wp\/v2\/target-group?post=917348"},{"taxonomy":"discontinued","embeddable":true,"href":"https:\/\/games.tactic.net\/sv\/wp-json\/wp\/v2\/discontinued?post=917348"}],"curies":[{"name":"wp","href":"https:\/\/api.w.org\/{rel}","templated":true}]}}