{"id":91193,"date":"2021-06-23T09:16:58","date_gmt":"2021-06-23T06:16:58","guid":{"rendered":"https:\/\/dev.tactic.net\/tuote\/mina-djur\/"},"modified":"2023-07-19T10:55:48","modified_gmt":"2023-07-19T07:55:48","slug":"mina-djur","status":"archive","type":"product","link":"https:\/\/games.tactic.net\/sv\/tuote\/mina-djur\/","title":{"rendered":"Mina djur"},"content":{"rendered":"<p>Vet du hur ett f\u00e5r, en tiger eller nyckelpiga ser ut?<br \/>\nTitta p\u00e5 bilderna och l\u00e4r dig namnen p\u00e5 djuren.<\/p>\n","protected":false},"excerpt":{"rendered":"<p>Vet du hur ett f\u00e5r, en tiger eller nyckelpiga ser ut? Titta p\u00e5 bilderna och l\u00e4r dig namnen p\u00e5 djuren.<\/p>\n","protected":false},"featured_media":0,"template":"","meta":{"content-type":"","_monsterinsights_skip_tracking":false,"_monsterinsights_sitenote_active":false,"_monsterinsights_sitenote_note":"","_monsterinsights_sitenote_category":0},"product_brand":[],"product_cat":[1544],"product_tag":[],"brand":[],"target-group":[],"discontinued":[],"class_list":{"0":"post-91193","1":"product","2":"type-product","3":"status-archive","5":"product_cat-min-forsta-bok","7":"first","8":"outofstock","9":"taxable","10":"shipping-taxable","11":"product-type-simple"},"aioseo_notices":[],"_links":{"self":[{"href":"https:\/\/games.tactic.net\/sv\/wp-json\/wp\/v2\/product\/91193","targetHints":{"allow":["GET"]}}],"collection":[{"href":"https:\/\/games.tactic.net\/sv\/wp-json\/wp\/v2\/product"}],"about":[{"href":"https:\/\/games.tactic.net\/sv\/wp-json\/wp\/v2\/types\/product"}],"wp:attachment":[{"href":"https:\/\/games.tactic.net\/sv\/wp-json\/wp\/v2\/media?parent=91193"}],"wp:term":[{"taxonomy":"product_brand","embeddable":true,"href":"https:\/\/games.tactic.net\/sv\/wp-json\/wp\/v2\/product_brand?post=91193"},{"taxonomy":"product_cat","embeddable":true,"href":"https:\/\/games.tactic.net\/sv\/wp-json\/wp\/v2\/product_cat?post=91193"},{"taxonomy":"product_tag","embeddable":true,"href":"https:\/\/games.tactic.net\/sv\/wp-json\/wp\/v2\/product_tag?post=91193"},{"taxonomy":"brand","embeddable":true,"href":"https:\/\/games.tactic.net\/sv\/wp-json\/wp\/v2\/brand?post=91193"},{"taxonomy":"target-group","embeddable":true,"href":"https:\/\/games.tactic.net\/sv\/wp-json\/wp\/v2\/target-group?post=91193"},{"taxonomy":"discontinued","embeddable":true,"href":"https:\/\/games.tactic.net\/sv\/wp-json\/wp\/v2\/discontinued?post=91193"}],"curies":[{"name":"wp","href":"https:\/\/api.w.org\/{rel}","templated":true}]}}