{"id":91136,"date":"2021-06-23T09:00:45","date_gmt":"2021-06-23T06:00:45","guid":{"rendered":"https:\/\/dev.tactic.net\/tuote\/kors-och-tvars-latta-korsord\/"},"modified":"2023-10-06T16:24:20","modified_gmt":"2023-10-06T13:24:20","slug":"kors-och-tvars-latta-korsord","status":"publish","type":"product","link":"https:\/\/games.tactic.net\/sv\/tuote\/kors-och-tvars-latta-korsord\/","title":{"rendered":"Tactic Kors och tv\u00e4rs &#8211; L\u00e4tta korsord"},"content":{"rendered":"<p>L\u00e4s ledtr\u00e5darna, lista ut vilka ord som ska skrivas in och l\u00f6s korsorden och ordfl\u00e4torna. I den h\u00e4r boken finns m\u00e5nga korsord med olika teman. Korsorden \u00e4r l\u00e4tta och passar bra f\u00f6r unga korsordsentusiaster.<\/p>\n","protected":false},"excerpt":{"rendered":"<p>L\u00e4s ledtr\u00e5darna, lista ut vilka ord som ska skrivas in och l\u00f6s korsorden och ordfl\u00e4torna. I den h\u00e4r boken finns m\u00e5nga korsord med olika teman. Korsorden \u00e4r l\u00e4tta och passar bra f\u00f6r unga korsordsentusiaster.<\/p>\n","protected":false},"featured_media":0,"template":"","meta":{"content-type":"","_monsterinsights_skip_tracking":false,"_monsterinsights_sitenote_active":false,"_monsterinsights_sitenote_note":"","_monsterinsights_sitenote_category":0},"product_brand":[],"product_cat":[1530],"product_tag":[],"brand":[],"target-group":[],"discontinued":[],"class_list":{"0":"post-91136","1":"product","2":"type-product","3":"status-publish","5":"product_cat-aktivitetsbocker","7":"first","8":"outofstock","9":"taxable","10":"shipping-taxable","11":"product-type-simple"},"aioseo_notices":[],"_links":{"self":[{"href":"https:\/\/games.tactic.net\/sv\/wp-json\/wp\/v2\/product\/91136","targetHints":{"allow":["GET"]}}],"collection":[{"href":"https:\/\/games.tactic.net\/sv\/wp-json\/wp\/v2\/product"}],"about":[{"href":"https:\/\/games.tactic.net\/sv\/wp-json\/wp\/v2\/types\/product"}],"wp:attachment":[{"href":"https:\/\/games.tactic.net\/sv\/wp-json\/wp\/v2\/media?parent=91136"}],"wp:term":[{"taxonomy":"product_brand","embeddable":true,"href":"https:\/\/games.tactic.net\/sv\/wp-json\/wp\/v2\/product_brand?post=91136"},{"taxonomy":"product_cat","embeddable":true,"href":"https:\/\/games.tactic.net\/sv\/wp-json\/wp\/v2\/product_cat?post=91136"},{"taxonomy":"product_tag","embeddable":true,"href":"https:\/\/games.tactic.net\/sv\/wp-json\/wp\/v2\/product_tag?post=91136"},{"taxonomy":"brand","embeddable":true,"href":"https:\/\/games.tactic.net\/sv\/wp-json\/wp\/v2\/brand?post=91136"},{"taxonomy":"target-group","embeddable":true,"href":"https:\/\/games.tactic.net\/sv\/wp-json\/wp\/v2\/target-group?post=91136"},{"taxonomy":"discontinued","embeddable":true,"href":"https:\/\/games.tactic.net\/sv\/wp-json\/wp\/v2\/discontinued?post=91136"}],"curies":[{"name":"wp","href":"https:\/\/api.w.org\/{rel}","templated":true}]}}