{"id":90517,"date":"2021-06-22T14:46:44","date_gmt":"2021-06-22T11:46:44","guid":{"rendered":"https:\/\/dev.tactic.net\/tuote\/top-parnks-fun-with-money\/"},"modified":"2024-08-22T09:34:28","modified_gmt":"2024-08-22T06:34:28","slug":"top-parnks-fun-with-money","status":"archive","type":"product","link":"https:\/\/games.tactic.net\/sv\/tuote\/top-parnks-fun-with-money\/","title":{"rendered":"Top Pranks Fun with money"},"content":{"rendered":"<p>Var en m\u00e4stare prankster!<br \/>\n-Dj\u00e4vulens myntl\u00e5da<br \/>\n-Mystery myntfusion<br \/>\n-Multiplikationsfack f\u00f6r mynt<\/p>\n","protected":false},"excerpt":{"rendered":"<p>Var en m\u00e4stare prankster! -Dj\u00e4vulens myntl\u00e5da -Mystery myntfusion -Multiplikationsfack f\u00f6r mynt<\/p>\n","protected":false},"featured_media":0,"template":"","meta":{"content-type":"","_monsterinsights_skip_tracking":false,"_monsterinsights_sitenote_active":false,"_monsterinsights_sitenote_note":"","_monsterinsights_sitenote_category":0},"product_brand":[],"product_cat":[1616],"product_tag":[1220,1227,932],"brand":[],"target-group":[],"discontinued":[],"class_list":{"0":"post-90517","1":"product","2":"type-product","3":"status-archive","5":"product_cat-magiska-trick-och-skamt","6":"product_tag-aktion-sv","7":"product_tag-kreativitet-sv","8":"product_tag-tidsfordriv","10":"first","11":"outofstock","12":"taxable","13":"shipping-taxable","14":"product-type-simple"},"aioseo_notices":[],"_links":{"self":[{"href":"https:\/\/games.tactic.net\/sv\/wp-json\/wp\/v2\/product\/90517","targetHints":{"allow":["GET"]}}],"collection":[{"href":"https:\/\/games.tactic.net\/sv\/wp-json\/wp\/v2\/product"}],"about":[{"href":"https:\/\/games.tactic.net\/sv\/wp-json\/wp\/v2\/types\/product"}],"wp:attachment":[{"href":"https:\/\/games.tactic.net\/sv\/wp-json\/wp\/v2\/media?parent=90517"}],"wp:term":[{"taxonomy":"product_brand","embeddable":true,"href":"https:\/\/games.tactic.net\/sv\/wp-json\/wp\/v2\/product_brand?post=90517"},{"taxonomy":"product_cat","embeddable":true,"href":"https:\/\/games.tactic.net\/sv\/wp-json\/wp\/v2\/product_cat?post=90517"},{"taxonomy":"product_tag","embeddable":true,"href":"https:\/\/games.tactic.net\/sv\/wp-json\/wp\/v2\/product_tag?post=90517"},{"taxonomy":"brand","embeddable":true,"href":"https:\/\/games.tactic.net\/sv\/wp-json\/wp\/v2\/brand?post=90517"},{"taxonomy":"target-group","embeddable":true,"href":"https:\/\/games.tactic.net\/sv\/wp-json\/wp\/v2\/target-group?post=90517"},{"taxonomy":"discontinued","embeddable":true,"href":"https:\/\/games.tactic.net\/sv\/wp-json\/wp\/v2\/discontinued?post=90517"}],"curies":[{"name":"wp","href":"https:\/\/api.w.org\/{rel}","templated":true}]}}