{"id":90371,"date":"2021-06-22T13:40:50","date_gmt":"2021-06-22T10:40:50","guid":{"rendered":"https:\/\/dev.tactic.net\/tuote\/amazing-maze\/"},"modified":"2024-03-12T08:52:27","modified_gmt":"2024-03-12T06:52:27","slug":"amazing-maze","status":"archive","type":"product","link":"https:\/\/games.tactic.net\/sv\/tuote\/amazing-maze\/","title":{"rendered":"Amazing Maze"},"content":{"rendered":"<p>Har du n\u00e5gon g\u00e5ng f\u00f6rs\u00f6kt att rita med f\u00f6rbundna \u00f6gon? Det \u00e4r precis lika roligt som det ser ut! Amazing Maze inneh\u00e5ller sex olika labyrintbrickor, och det g\u00e4ller f\u00f6r spelarna att dra streck fr\u00e5n start till m\u00e5l. Man f\u00e5r inte st\u00f6ta emot n\u00e5gra v\u00e4ggar i labyrinten. I s\u00e5 fall g\u00e5r turen \u00f6ver till n\u00e4sta spelare. Samma sak g\u00e4ller n\u00e4r det h\u00f6rs en vissling fr\u00e5n pruttkudden. Den som lyckas b\u00e4st vinner spelet!<\/p>\n","protected":false},"excerpt":{"rendered":"<p>Rita dig genom labyrinternas snirkliga v\u00e4gar \u2013 med f\u00f6rbundna \u00f6gon! S\u00e4tt p\u00e5 dig masken och rita dig genom en djungel, en avl\u00e4gsen galax och andra roliga och svindlande labyrinter. N\u00e4r din penna tr\u00e4ffar en kant \u00e4r din resa \u00f6ver \u2013 tills det \u00e4r din tur igen.<\/p>\n","protected":false},"featured_media":0,"template":"","meta":{"content-type":"","_monsterinsights_skip_tracking":false,"_monsterinsights_sitenote_active":false,"_monsterinsights_sitenote_note":"","_monsterinsights_sitenote_category":0},"product_brand":[],"product_cat":[1461,1462],"product_tag":[1249,857],"brand":[],"target-group":[],"discontinued":[],"class_list":{"0":"post-90371","1":"product","2":"type-product","3":"status-archive","5":"product_cat-bradspel","6":"product_cat-bradspel-barnspel","7":"product_tag-skicklighet-sv","8":"product_tag-tur","10":"first","11":"outofstock","12":"taxable","13":"shipping-taxable","14":"product-type-simple"},"aioseo_notices":[],"_links":{"self":[{"href":"https:\/\/games.tactic.net\/sv\/wp-json\/wp\/v2\/product\/90371","targetHints":{"allow":["GET"]}}],"collection":[{"href":"https:\/\/games.tactic.net\/sv\/wp-json\/wp\/v2\/product"}],"about":[{"href":"https:\/\/games.tactic.net\/sv\/wp-json\/wp\/v2\/types\/product"}],"wp:attachment":[{"href":"https:\/\/games.tactic.net\/sv\/wp-json\/wp\/v2\/media?parent=90371"}],"wp:term":[{"taxonomy":"product_brand","embeddable":true,"href":"https:\/\/games.tactic.net\/sv\/wp-json\/wp\/v2\/product_brand?post=90371"},{"taxonomy":"product_cat","embeddable":true,"href":"https:\/\/games.tactic.net\/sv\/wp-json\/wp\/v2\/product_cat?post=90371"},{"taxonomy":"product_tag","embeddable":true,"href":"https:\/\/games.tactic.net\/sv\/wp-json\/wp\/v2\/product_tag?post=90371"},{"taxonomy":"brand","embeddable":true,"href":"https:\/\/games.tactic.net\/sv\/wp-json\/wp\/v2\/brand?post=90371"},{"taxonomy":"target-group","embeddable":true,"href":"https:\/\/games.tactic.net\/sv\/wp-json\/wp\/v2\/target-group?post=90371"},{"taxonomy":"discontinued","embeddable":true,"href":"https:\/\/games.tactic.net\/sv\/wp-json\/wp\/v2\/discontinued?post=90371"}],"curies":[{"name":"wp","href":"https:\/\/api.w.org\/{rel}","templated":true}]}}