{"id":86712,"date":"2021-06-16T10:50:39","date_gmt":"2021-06-16T07:50:39","guid":{"rendered":"https:\/\/dev.tactic.net\/tuote\/varumarken-i-hela-varlden\/"},"modified":"2025-02-26T12:35:19","modified_gmt":"2025-02-26T10:35:19","slug":"varumarken-i-hela-varlden","status":"archive","type":"product","link":"https:\/\/games.tactic.net\/sv\/tuote\/varumarken-i-hela-varlden\/","title":{"rendered":"Tactic Varum\u00e4rken i hela v\u00e4rlden"},"content":{"rendered":"<p>K\u00e4nner du igen n\u00e5gra av v\u00e4rldens st\u00f6rsta varum\u00e4rken? Detta kompakta spel inneh\u00e5llerber\u00f6mda varum\u00e4rken som har format v\u00e5ra liv p\u00e5 olika s\u00e4tt. P\u00e5 varje kort finns en bild av ett v\u00e4lk\u00e4nt varum\u00e4rke, en fr\u00e5ga om detta och lite information om dess fascinerande historia. Ingen beh\u00f6ver sitta och v\u00e4nta p\u00e5 sin tur eftersom alla spelare besvarar fr\u00e5gorna samtidigt. Visa nu vad du kan om Varum\u00e4rken i hela v\u00e4rlden!<\/p>\n","protected":false},"excerpt":{"rendered":"<p>K\u00e4nner du igen n\u00e5gra av v\u00e4rldens st\u00f6rsta varum\u00e4rken? P\u00e5 varje kort finns en bild av ett v\u00e4lk\u00e4nt varum\u00e4rke, en fr\u00e5ga om detta och lite information om dess fascinerande historia. Ingen beh\u00f6ver sitta och v\u00e4nta p\u00e5 sin tur eftersom alla spelare besvarar fr\u00e5gorna samtidigt. Visa nu vad du kan om Varum\u00e4rken i hela v\u00e4rlden!<\/p>\n","protected":false},"featured_media":0,"template":"","meta":{"content-type":"","_monsterinsights_skip_tracking":false,"_monsterinsights_sitenote_active":false,"_monsterinsights_sitenote_note":"","_monsterinsights_sitenote_category":0},"product_brand":[],"product_cat":[1524,1523],"product_tag":[849],"brand":[],"target-group":[],"discontinued":[],"class_list":{"0":"post-86712","1":"product","2":"type-product","3":"status-archive","5":"product_cat-fragespel-familjespel","6":"product_cat-fragespel-vuxenspel","7":"product_tag-kunskap","9":"first","10":"outofstock","11":"taxable","12":"shipping-taxable","13":"product-type-simple"},"aioseo_notices":[],"_links":{"self":[{"href":"https:\/\/games.tactic.net\/sv\/wp-json\/wp\/v2\/product\/86712","targetHints":{"allow":["GET"]}}],"collection":[{"href":"https:\/\/games.tactic.net\/sv\/wp-json\/wp\/v2\/product"}],"about":[{"href":"https:\/\/games.tactic.net\/sv\/wp-json\/wp\/v2\/types\/product"}],"wp:attachment":[{"href":"https:\/\/games.tactic.net\/sv\/wp-json\/wp\/v2\/media?parent=86712"}],"wp:term":[{"taxonomy":"product_brand","embeddable":true,"href":"https:\/\/games.tactic.net\/sv\/wp-json\/wp\/v2\/product_brand?post=86712"},{"taxonomy":"product_cat","embeddable":true,"href":"https:\/\/games.tactic.net\/sv\/wp-json\/wp\/v2\/product_cat?post=86712"},{"taxonomy":"product_tag","embeddable":true,"href":"https:\/\/games.tactic.net\/sv\/wp-json\/wp\/v2\/product_tag?post=86712"},{"taxonomy":"brand","embeddable":true,"href":"https:\/\/games.tactic.net\/sv\/wp-json\/wp\/v2\/brand?post=86712"},{"taxonomy":"target-group","embeddable":true,"href":"https:\/\/games.tactic.net\/sv\/wp-json\/wp\/v2\/target-group?post=86712"},{"taxonomy":"discontinued","embeddable":true,"href":"https:\/\/games.tactic.net\/sv\/wp-json\/wp\/v2\/discontinued?post=86712"}],"curies":[{"name":"wp","href":"https:\/\/api.w.org\/{rel}","templated":true}]}}