{"id":86558,"date":"2021-06-16T07:51:23","date_gmt":"2021-06-16T04:51:23","guid":{"rendered":"https:\/\/dev.tactic.net\/tuote\/isprinsessans-malarbok\/"},"modified":"2023-10-06T16:12:06","modified_gmt":"2023-10-06T13:12:06","slug":"isprinsessans-malarbok","status":"publish","type":"product","link":"https:\/\/games.tactic.net\/sv\/tuote\/isprinsessans-malarbok\/","title":{"rendered":"Tactic Isprinsessans m\u00e5larbok"},"content":{"rendered":"<p>Vintern \u00e4r en vacker \u00e5rstid! Vinden viner, luften \u00e4r full av sn\u00f6flingor och tr\u00e4den \u00e4r t\u00e4ckta av frost. F\u00e4rgl\u00e4gg de vackra vinterlandskapen och prinsesserna i sina vinterkl\u00e4dnader Mys under en filt och se fram emot m\u00e5nga timmar av h\u00e4rlig f\u00e4rgl\u00e4ggning!<\/p>\n","protected":false},"excerpt":{"rendered":"<p>Vintern \u00e4r en vacker \u00e5rstid! Vinden viner, luften \u00e4r full av sn\u00f6flingor och tr\u00e4den \u00e4r t\u00e4ckta av frost. F\u00e4rgl\u00e4gg de vackra vinterlandskapen och prinsesserna i sina vinterkl\u00e4dnader Mys under en filt och se fram emot m\u00e5nga timmar av h\u00e4rlig f\u00e4rgl\u00e4ggning!<\/p>\n","protected":false},"featured_media":0,"template":"","meta":{"content-type":"","_monsterinsights_skip_tracking":false,"_monsterinsights_sitenote_active":false,"_monsterinsights_sitenote_note":"","_monsterinsights_sitenote_category":0},"product_brand":[],"product_cat":[1529],"product_tag":[],"brand":[],"target-group":[],"discontinued":[],"class_list":{"0":"post-86558","1":"product","2":"type-product","3":"status-publish","5":"product_cat-malarbocker-malar-och-pysselbocker","7":"first","8":"outofstock","9":"taxable","10":"shipping-taxable","11":"product-type-simple"},"aioseo_notices":[],"_links":{"self":[{"href":"https:\/\/games.tactic.net\/sv\/wp-json\/wp\/v2\/product\/86558","targetHints":{"allow":["GET"]}}],"collection":[{"href":"https:\/\/games.tactic.net\/sv\/wp-json\/wp\/v2\/product"}],"about":[{"href":"https:\/\/games.tactic.net\/sv\/wp-json\/wp\/v2\/types\/product"}],"wp:attachment":[{"href":"https:\/\/games.tactic.net\/sv\/wp-json\/wp\/v2\/media?parent=86558"}],"wp:term":[{"taxonomy":"product_brand","embeddable":true,"href":"https:\/\/games.tactic.net\/sv\/wp-json\/wp\/v2\/product_brand?post=86558"},{"taxonomy":"product_cat","embeddable":true,"href":"https:\/\/games.tactic.net\/sv\/wp-json\/wp\/v2\/product_cat?post=86558"},{"taxonomy":"product_tag","embeddable":true,"href":"https:\/\/games.tactic.net\/sv\/wp-json\/wp\/v2\/product_tag?post=86558"},{"taxonomy":"brand","embeddable":true,"href":"https:\/\/games.tactic.net\/sv\/wp-json\/wp\/v2\/brand?post=86558"},{"taxonomy":"target-group","embeddable":true,"href":"https:\/\/games.tactic.net\/sv\/wp-json\/wp\/v2\/target-group?post=86558"},{"taxonomy":"discontinued","embeddable":true,"href":"https:\/\/games.tactic.net\/sv\/wp-json\/wp\/v2\/discontinued?post=86558"}],"curies":[{"name":"wp","href":"https:\/\/api.w.org\/{rel}","templated":true}]}}