{"id":84544,"date":"2021-06-15T13:37:32","date_gmt":"2021-06-15T10:37:32","guid":{"rendered":"https:\/\/dev.tactic.net\/tuote\/sveriges-masterkockfreen-game-night\/"},"modified":"2023-04-17T08:59:18","modified_gmt":"2023-04-17T05:59:18","slug":"sveriges-masterkockfreen-game-night","status":"archive","type":"product","link":"https:\/\/games.tactic.net\/sv\/tuote\/sveriges-masterkockfreen-game-night\/","title":{"rendered":"Sveriges M\u00e4sterkock: Green game night"},"content":{"rendered":"<p>Kavla upp \u00e4rmarna och g\u00f6r dig redo! Sveriges M\u00e4sterkock utmanar alla duktiga och mindre duktiga hemmakockar i en delikat, vegetarisk mat-kamp! De snabba mini-omg\u00e5ngarna g\u00f6r att spelarna kan samla p\u00e5 sig ingredienskort som de kommer att beh\u00f6va f\u00f6r att kunna skapa sina slutgiltiga m\u00e5ltidsm\u00e4sterverk i slutet av spelet. F\u00f6r att kunna vinna beh\u00f6ver du b\u00e5de kreativitet och ett sinne f\u00f6r humor!<\/p>\n","protected":false},"excerpt":{"rendered":"<p>Kavla upp \u00e4rmarna och g\u00f6r dig redo! Sveriges M\u00e4sterkock utmanar alla duktiga och mindre duktiga hemmakockar i en delikat, vegetarisk mat-kamp! De snabba mini-omg\u00e5ngarna g\u00f6r att spelarna kan samla p\u00e5 sig ingredienskort som de kommer att beh\u00f6va f\u00f6r att kunna skapa sina slutgiltiga m\u00e5ltidsm\u00e4sterverk i slutet av spelet. F\u00f6r att kunna vinna beh\u00f6ver du b\u00e5de kreativitet och ett sinne f\u00f6r humor!<\/p>\n","protected":false},"featured_media":0,"template":"","meta":{"content-type":"","_monsterinsights_skip_tracking":false,"_monsterinsights_sitenote_active":false,"_monsterinsights_sitenote_note":"","_monsterinsights_sitenote_category":0},"product_brand":[],"product_cat":[1540],"product_tag":[1227],"brand":[],"target-group":[],"discontinued":[],"class_list":{"0":"post-84544","1":"product","2":"type-product","3":"status-archive","5":"product_cat-partyspel","6":"product_tag-kreativitet-sv","8":"first","9":"outofstock","10":"taxable","11":"shipping-taxable","12":"product-type-simple"},"aioseo_notices":[],"_links":{"self":[{"href":"https:\/\/games.tactic.net\/sv\/wp-json\/wp\/v2\/product\/84544","targetHints":{"allow":["GET"]}}],"collection":[{"href":"https:\/\/games.tactic.net\/sv\/wp-json\/wp\/v2\/product"}],"about":[{"href":"https:\/\/games.tactic.net\/sv\/wp-json\/wp\/v2\/types\/product"}],"wp:attachment":[{"href":"https:\/\/games.tactic.net\/sv\/wp-json\/wp\/v2\/media?parent=84544"}],"wp:term":[{"taxonomy":"product_brand","embeddable":true,"href":"https:\/\/games.tactic.net\/sv\/wp-json\/wp\/v2\/product_brand?post=84544"},{"taxonomy":"product_cat","embeddable":true,"href":"https:\/\/games.tactic.net\/sv\/wp-json\/wp\/v2\/product_cat?post=84544"},{"taxonomy":"product_tag","embeddable":true,"href":"https:\/\/games.tactic.net\/sv\/wp-json\/wp\/v2\/product_tag?post=84544"},{"taxonomy":"brand","embeddable":true,"href":"https:\/\/games.tactic.net\/sv\/wp-json\/wp\/v2\/brand?post=84544"},{"taxonomy":"target-group","embeddable":true,"href":"https:\/\/games.tactic.net\/sv\/wp-json\/wp\/v2\/target-group?post=84544"},{"taxonomy":"discontinued","embeddable":true,"href":"https:\/\/games.tactic.net\/sv\/wp-json\/wp\/v2\/discontinued?post=84544"}],"curies":[{"name":"wp","href":"https:\/\/api.w.org\/{rel}","templated":true}]}}