{"id":832326,"date":"2023-09-29T12:18:45","date_gmt":"2023-09-29T09:18:45","guid":{"rendered":"https:\/\/games.tactic.net\/tuote\/bruder-man-tgs-truck-w-roll-off-containerschaffer-loader\/"},"modified":"2023-10-20T16:42:40","modified_gmt":"2023-10-20T13:42:40","slug":"bruder-man-tgs-truck-w-roll-off-containerschaffer-loader","status":"publish","type":"product","link":"https:\/\/games.tactic.net\/sv\/tuote\/bruder-man-tgs-truck-w-roll-off-containerschaffer-loader\/","title":{"rendered":"Bruder MAN TGS Truck with roll off container &#038; Sch\u00e4ffer yard loader toy"},"content":{"rendered":"<p>MAN TGS \u00e4r det perfekta allroundfordonet f\u00f6r byggarbetsplatser, l\u00e5ngv\u00e4ga transporter och lokal distribution. Tack vare sin h\u00e5llbara design, kraftfulla motorer och \u00f6vergenomsnittlig lastkapacitet, \u00e4r denna lastbil prototypen f\u00f6r det ofta beskrivna &#8221;allroundfordonet&#8221; med m\u00e5nga innovationer ombord. Den tv\u00e5f\u00e4rgade hytten har d\u00f6rrar som kan \u00f6ppnas och ger varje bworld-figur en modern arbetsplats. Transportcontainern har tv\u00e5 sv\u00e4ngbara luckor p\u00e5 baksidan och kan s\u00e4nkas ner och plockas upp igen med griparmen. N\u00e4r containern st\u00e5r p\u00e5 marken och d\u00f6rrarna \u00e4r \u00f6ppna, kan de mindre BRUDER-fordonen till och med k\u00f6ra in i containern och transporteras vidare av lastbilen. Denna m\u00f6jlighet anv\u00e4nds ofta p\u00e5 verkliga byggarbetsplatser, och sm\u00e5 byggarbetare kan \u00e5terskapa dessa flexibla m\u00f6jligheter i barnrummet. Den popul\u00e4ra Schaeff-hjullastaren ing\u00e5r nu i denna fantastiska kombination.<\/p>\n","protected":false},"excerpt":{"rendered":"<p>MAN TGS \u00e4r det perfekta allroundfordonet f\u00f6r byggarbetsplatser, l\u00e5ngv\u00e4ga transporter och lokal distribution.<\/p>\n","protected":false},"featured_media":0,"template":"","meta":{"content-type":"","_monsterinsights_skip_tracking":false,"_monsterinsights_sitenote_active":false,"_monsterinsights_sitenote_note":"","_monsterinsights_sitenote_category":0},"product_brand":[],"product_cat":[823],"product_tag":[],"brand":[],"target-group":[],"discontinued":[],"class_list":{"0":"post-832326","1":"product","2":"type-product","3":"status-publish","5":"product_cat-bruder","7":"first","8":"instock","9":"taxable","10":"shipping-taxable","11":"product-type-simple"},"aioseo_notices":[],"_links":{"self":[{"href":"https:\/\/games.tactic.net\/sv\/wp-json\/wp\/v2\/product\/832326","targetHints":{"allow":["GET"]}}],"collection":[{"href":"https:\/\/games.tactic.net\/sv\/wp-json\/wp\/v2\/product"}],"about":[{"href":"https:\/\/games.tactic.net\/sv\/wp-json\/wp\/v2\/types\/product"}],"wp:attachment":[{"href":"https:\/\/games.tactic.net\/sv\/wp-json\/wp\/v2\/media?parent=832326"}],"wp:term":[{"taxonomy":"product_brand","embeddable":true,"href":"https:\/\/games.tactic.net\/sv\/wp-json\/wp\/v2\/product_brand?post=832326"},{"taxonomy":"product_cat","embeddable":true,"href":"https:\/\/games.tactic.net\/sv\/wp-json\/wp\/v2\/product_cat?post=832326"},{"taxonomy":"product_tag","embeddable":true,"href":"https:\/\/games.tactic.net\/sv\/wp-json\/wp\/v2\/product_tag?post=832326"},{"taxonomy":"brand","embeddable":true,"href":"https:\/\/games.tactic.net\/sv\/wp-json\/wp\/v2\/brand?post=832326"},{"taxonomy":"target-group","embeddable":true,"href":"https:\/\/games.tactic.net\/sv\/wp-json\/wp\/v2\/target-group?post=832326"},{"taxonomy":"discontinued","embeddable":true,"href":"https:\/\/games.tactic.net\/sv\/wp-json\/wp\/v2\/discontinued?post=832326"}],"curies":[{"name":"wp","href":"https:\/\/api.w.org\/{rel}","templated":true}]}}