{"id":82835,"date":"2021-06-15T09:07:19","date_gmt":"2021-06-15T06:07:19","guid":{"rendered":"https:\/\/dev.tactic.net\/tuote\/lar-dig-engelska\/"},"modified":"2023-10-06T16:47:15","modified_gmt":"2023-10-06T13:47:15","slug":"lar-dig-engelska","status":"publish","type":"product","link":"https:\/\/games.tactic.net\/sv\/tuote\/lar-dig-engelska\/","title":{"rendered":"L\u00e4r dig engelska"},"content":{"rendered":"<p>Att l\u00e4ra sig andra spr\u00e5k \u00e4r viktigt, men det kan ocks\u00e5 vara v\u00e4ldigt roligt! Let\u2019s Learn English inneh\u00e5ller f\u00e4rgglada bildkort d\u00e4r spelarna ska s\u00e4ga vad f\u00f6rem\u00e5let heter p\u00e5 engelska eller svenska. Den vuxna kan hj\u00e4lpa till i spelet genom att kolla vad som \u00e4r r\u00e4tt svar och uppmuntra spelarna att forts\u00e4tta l\u00e4ra sig!<\/p>\n","protected":false},"excerpt":{"rendered":"<p>Att l\u00e4ra sig andra spr\u00e5k \u00e4r viktigt, men det kan ocks\u00e5 vara v\u00e4ldigt roligt! Let\u2019s Learn English inneh\u00e5ller f\u00e4rgglada bildkort d\u00e4r spelarna ska s\u00e4ga vad f\u00f6rem\u00e5let heter p\u00e5 engelska eller svenska. Den vuxna kan hj\u00e4lpa till i spelet genom att kolla vad som \u00e4r r\u00e4tt svar och uppmuntra spelarna att forts\u00e4tta l\u00e4ra sig!<\/p>\n","protected":false},"featured_media":0,"template":"","meta":{"content-type":"","_monsterinsights_skip_tracking":false,"_monsterinsights_sitenote_active":false,"_monsterinsights_sitenote_note":"","_monsterinsights_sitenote_category":0},"product_brand":[],"product_cat":[1519],"product_tag":[1254],"brand":[{"id":864,"name":"Let's Learn","slug":"letslearn-sv"}],"target-group":[],"discontinued":[],"class_list":{"0":"post-82835","1":"product","2":"type-product","3":"status-publish","5":"product_cat-lar-spel-barnspel","6":"product_tag-pedagogisk-sv","7":"brand-letslearn-sv","9":"first","10":"instock","11":"taxable","12":"shipping-taxable","13":"product-type-simple"},"aioseo_notices":[],"_links":{"self":[{"href":"https:\/\/games.tactic.net\/sv\/wp-json\/wp\/v2\/product\/82835","targetHints":{"allow":["GET"]}}],"collection":[{"href":"https:\/\/games.tactic.net\/sv\/wp-json\/wp\/v2\/product"}],"about":[{"href":"https:\/\/games.tactic.net\/sv\/wp-json\/wp\/v2\/types\/product"}],"wp:attachment":[{"href":"https:\/\/games.tactic.net\/sv\/wp-json\/wp\/v2\/media?parent=82835"}],"wp:term":[{"taxonomy":"product_brand","embeddable":true,"href":"https:\/\/games.tactic.net\/sv\/wp-json\/wp\/v2\/product_brand?post=82835"},{"taxonomy":"product_cat","embeddable":true,"href":"https:\/\/games.tactic.net\/sv\/wp-json\/wp\/v2\/product_cat?post=82835"},{"taxonomy":"product_tag","embeddable":true,"href":"https:\/\/games.tactic.net\/sv\/wp-json\/wp\/v2\/product_tag?post=82835"},{"taxonomy":"brand","embeddable":true,"href":"https:\/\/games.tactic.net\/sv\/wp-json\/wp\/v2\/brand?post=82835"},{"taxonomy":"target-group","embeddable":true,"href":"https:\/\/games.tactic.net\/sv\/wp-json\/wp\/v2\/target-group?post=82835"},{"taxonomy":"discontinued","embeddable":true,"href":"https:\/\/games.tactic.net\/sv\/wp-json\/wp\/v2\/discontinued?post=82835"}],"curies":[{"name":"wp","href":"https:\/\/api.w.org\/{rel}","templated":true}]}}