{"id":827954,"date":"2023-09-27T19:17:42","date_gmt":"2023-09-27T16:17:42","guid":{"rendered":"https:\/\/games.tactic.net\/tuote\/baby-blanket-sloth-sanna\/"},"modified":"2023-12-12T10:09:23","modified_gmt":"2023-12-12T08:09:23","slug":"baby-blanket-sloth-sanna","status":"archive","type":"product","link":"https:\/\/games.tactic.net\/sv\/tuote\/baby-blanket-sloth-sanna\/","title":{"rendered":"Baby Blanket Sloth Sanna"},"content":{"rendered":"<p>Lumo Stars Baby Line sovkuddar \u00e4r f\u00f6rtrollande s\u00f6ta och underbart mjuka. De \u00e4r perfekta f\u00f6r sm\u00e5 h\u00e4nder och bjuda in att krama. www.lumostars.com Sorlek 30 x 30 cm.<\/p>\n","protected":false},"excerpt":{"rendered":"<p>Lumo Stars Baby Line sovkuddar \u00e4r f\u00f6rtrollande s\u00f6ta och underbart mjuka. De \u00e4r perfekta f\u00f6r sm\u00e5 h\u00e4nder och bjuda in att krama. www.lumostars.com Sorlek 30 x 30 cm.<\/p>\n","protected":false},"featured_media":0,"template":"","meta":{"content-type":"","_monsterinsights_skip_tracking":false,"_monsterinsights_sitenote_active":false,"_monsterinsights_sitenote_note":"","_monsterinsights_sitenote_category":0},"product_brand":[],"product_cat":[1569],"product_tag":[853,1264,854,932],"brand":[{"id":1018,"name":"Lumo Stars","slug":"lumo-stars-13"}],"target-group":[],"discontinued":[],"class_list":{"0":"post-827954","1":"product","2":"type-product","3":"status-archive","5":"product_cat-baby-line-gosedjur-lumo-stars-5","6":"product_tag-kramgo","7":"product_tag-lumo-stars-sv","8":"product_tag-mjukdjur","9":"product_tag-tidsfordriv","10":"brand-lumo-stars-13","12":"first","13":"outofstock","14":"taxable","15":"shipping-taxable","16":"product-type-simple"},"aioseo_notices":[],"_links":{"self":[{"href":"https:\/\/games.tactic.net\/sv\/wp-json\/wp\/v2\/product\/827954","targetHints":{"allow":["GET"]}}],"collection":[{"href":"https:\/\/games.tactic.net\/sv\/wp-json\/wp\/v2\/product"}],"about":[{"href":"https:\/\/games.tactic.net\/sv\/wp-json\/wp\/v2\/types\/product"}],"wp:attachment":[{"href":"https:\/\/games.tactic.net\/sv\/wp-json\/wp\/v2\/media?parent=827954"}],"wp:term":[{"taxonomy":"product_brand","embeddable":true,"href":"https:\/\/games.tactic.net\/sv\/wp-json\/wp\/v2\/product_brand?post=827954"},{"taxonomy":"product_cat","embeddable":true,"href":"https:\/\/games.tactic.net\/sv\/wp-json\/wp\/v2\/product_cat?post=827954"},{"taxonomy":"product_tag","embeddable":true,"href":"https:\/\/games.tactic.net\/sv\/wp-json\/wp\/v2\/product_tag?post=827954"},{"taxonomy":"brand","embeddable":true,"href":"https:\/\/games.tactic.net\/sv\/wp-json\/wp\/v2\/brand?post=827954"},{"taxonomy":"target-group","embeddable":true,"href":"https:\/\/games.tactic.net\/sv\/wp-json\/wp\/v2\/target-group?post=827954"},{"taxonomy":"discontinued","embeddable":true,"href":"https:\/\/games.tactic.net\/sv\/wp-json\/wp\/v2\/discontinued?post=827954"}],"curies":[{"name":"wp","href":"https:\/\/api.w.org\/{rel}","templated":true}]}}