{"id":82792,"date":"2021-06-15T09:04:56","date_gmt":"2021-06-15T06:04:56","guid":{"rendered":"https:\/\/dev.tactic.net\/tuote\/la-dig-i-kunskapsjakten\/"},"modified":"2023-10-17T19:22:10","modified_gmt":"2023-10-17T16:22:10","slug":"la-dig-i-kunskapsjakten","status":"publish","type":"product","link":"https:\/\/games.tactic.net\/sv\/tuote\/la-dig-i-kunskapsjakten\/","title":{"rendered":"Kunskapsjakten"},"content":{"rendered":"<p>Ibland \u00e4r det b\u00e4sta s\u00e4ttet att l\u00e4ra sig nya saker helt enkelt att leka! Det h\u00e4r spelet \u00e4r fullproppat med roliga uppgifter som f\u00e5r barnen att r\u00f6ra p\u00e5 sig eller att anv\u00e4nda sina hj\u00e4rnceller, samtidigt som de l\u00e4r sig nya f\u00e4rdigheter. Visa nu vad ni kan med Kunskapsjakten och ge inte upp!<\/p>\n","protected":false},"excerpt":{"rendered":"<p>Ibland \u00e4r det b\u00e4sta s\u00e4ttet att l\u00e4ra sig nya saker helt enkelt att leka! Det h\u00e4r spelet \u00e4r fullproppat med roliga uppgifter som f\u00e5r barnen att r\u00f6ra p\u00e5 sig eller att anv\u00e4nda sina hj\u00e4rnceller, samtidigt som de l\u00e4r sig nya f\u00e4rdigheter. Visa nu vad ni kan med Let\u2019s Learn Skills och ge inte upp!<\/p>\n","protected":false},"featured_media":0,"template":"","meta":{"content-type":"","_monsterinsights_skip_tracking":false,"_monsterinsights_sitenote_active":false,"_monsterinsights_sitenote_note":"","_monsterinsights_sitenote_category":0},"product_brand":[],"product_cat":[1519],"product_tag":[388],"brand":[{"id":864,"name":"Let's Learn","slug":"letslearn-sv"}],"target-group":[],"discontinued":[],"class_list":{"0":"post-82792","1":"product","2":"type-product","3":"status-publish","5":"product_cat-lar-spel-barnspel","6":"product_tag-pedagogisk","7":"brand-letslearn-sv","9":"first","10":"instock","11":"taxable","12":"shipping-taxable","13":"product-type-simple"},"aioseo_notices":[],"_links":{"self":[{"href":"https:\/\/games.tactic.net\/sv\/wp-json\/wp\/v2\/product\/82792","targetHints":{"allow":["GET"]}}],"collection":[{"href":"https:\/\/games.tactic.net\/sv\/wp-json\/wp\/v2\/product"}],"about":[{"href":"https:\/\/games.tactic.net\/sv\/wp-json\/wp\/v2\/types\/product"}],"wp:attachment":[{"href":"https:\/\/games.tactic.net\/sv\/wp-json\/wp\/v2\/media?parent=82792"}],"wp:term":[{"taxonomy":"product_brand","embeddable":true,"href":"https:\/\/games.tactic.net\/sv\/wp-json\/wp\/v2\/product_brand?post=82792"},{"taxonomy":"product_cat","embeddable":true,"href":"https:\/\/games.tactic.net\/sv\/wp-json\/wp\/v2\/product_cat?post=82792"},{"taxonomy":"product_tag","embeddable":true,"href":"https:\/\/games.tactic.net\/sv\/wp-json\/wp\/v2\/product_tag?post=82792"},{"taxonomy":"brand","embeddable":true,"href":"https:\/\/games.tactic.net\/sv\/wp-json\/wp\/v2\/brand?post=82792"},{"taxonomy":"target-group","embeddable":true,"href":"https:\/\/games.tactic.net\/sv\/wp-json\/wp\/v2\/target-group?post=82792"},{"taxonomy":"discontinued","embeddable":true,"href":"https:\/\/games.tactic.net\/sv\/wp-json\/wp\/v2\/discontinued?post=82792"}],"curies":[{"name":"wp","href":"https:\/\/api.w.org\/{rel}","templated":true}]}}