{"id":82791,"date":"2021-06-15T08:54:44","date_gmt":"2021-06-15T05:54:44","guid":{"rendered":"https:\/\/dev.tactic.net\/tuote\/jag-ar-junior-alias\/"},"modified":"2021-12-13T09:21:25","modified_gmt":"2021-12-13T07:21:25","slug":"jag-ar-junior-alias","status":"archive","type":"product","link":"https:\/\/games.tactic.net\/sv\/tuote\/jag-ar-junior-alias\/","title":{"rendered":"Jag \u00e4r Junior Alias"},"content":{"rendered":"<p>Stig in i sagornas underbara v\u00e4rld! S\u00e4tt p\u00e5 dig ett pannband, stick in ett kort och f\u00f6rs\u00f6k att gissa vilken figur som \u00e4r p\u00e5 kortet. Om du gissar r\u00e4tt vinner du po\u00e4ng. Turas om att f\u00f6rklara, men alla kan vinna po\u00e4ng p\u00e5 varje runda. Utvidga ditt ordf\u00f6rr\u00e5d p\u00e5 ett roligt s\u00e4tt medan du spelar. <\/p>\n<p>\u2022 200 fiktiva figurer och djur som du ska gissa.<\/p>\n","protected":false},"excerpt":{"rendered":"<p>Stig in i sagornas underbara v\u00e4rld! S\u00e4tt p\u00e5 dig ett pannband, stick in ett kort och f\u00f6rs\u00f6k att gissa vilken figur som \u00e4r p\u00e5 kortet.<\/p>\n","protected":false},"featured_media":0,"template":"","meta":{"content-type":"","_monsterinsights_skip_tracking":false,"_monsterinsights_sitenote_active":false,"_monsterinsights_sitenote_note":"","_monsterinsights_sitenote_category":0},"product_brand":[],"product_cat":[303],"product_tag":[959,845],"brand":[{"id":599,"name":"Alias","slug":"alias_se"}],"target-group":[],"discontinued":[],"class_list":{"0":"post-82791","1":"product","2":"type-product","3":"status-archive","5":"product_cat-barnspel","6":"product_tag-ordforklaring","7":"product_tag-tillsammans","8":"brand-alias_se","10":"first","11":"outofstock","12":"taxable","13":"shipping-taxable","14":"product-type-simple"},"aioseo_notices":[],"_links":{"self":[{"href":"https:\/\/games.tactic.net\/sv\/wp-json\/wp\/v2\/product\/82791","targetHints":{"allow":["GET"]}}],"collection":[{"href":"https:\/\/games.tactic.net\/sv\/wp-json\/wp\/v2\/product"}],"about":[{"href":"https:\/\/games.tactic.net\/sv\/wp-json\/wp\/v2\/types\/product"}],"wp:attachment":[{"href":"https:\/\/games.tactic.net\/sv\/wp-json\/wp\/v2\/media?parent=82791"}],"wp:term":[{"taxonomy":"product_brand","embeddable":true,"href":"https:\/\/games.tactic.net\/sv\/wp-json\/wp\/v2\/product_brand?post=82791"},{"taxonomy":"product_cat","embeddable":true,"href":"https:\/\/games.tactic.net\/sv\/wp-json\/wp\/v2\/product_cat?post=82791"},{"taxonomy":"product_tag","embeddable":true,"href":"https:\/\/games.tactic.net\/sv\/wp-json\/wp\/v2\/product_tag?post=82791"},{"taxonomy":"brand","embeddable":true,"href":"https:\/\/games.tactic.net\/sv\/wp-json\/wp\/v2\/brand?post=82791"},{"taxonomy":"target-group","embeddable":true,"href":"https:\/\/games.tactic.net\/sv\/wp-json\/wp\/v2\/target-group?post=82791"},{"taxonomy":"discontinued","embeddable":true,"href":"https:\/\/games.tactic.net\/sv\/wp-json\/wp\/v2\/discontinued?post=82791"}],"curies":[{"name":"wp","href":"https:\/\/api.w.org\/{rel}","templated":true}]}}