{"id":819624,"date":"2023-09-27T14:35:45","date_gmt":"2023-09-27T11:35:45","guid":{"rendered":"https:\/\/games.tactic.net\/tuote\/molkky-in-a-cardboard-box-with-handle\/"},"modified":"2024-04-12T10:39:11","modified_gmt":"2024-04-12T07:39:11","slug":"molkky-in-a-cardboard-box-with-handle","status":"archive","type":"product","link":"https:\/\/games.tactic.net\/sv\/tuote\/molkky-in-a-cardboard-box-with-handle\/","title":{"rendered":"M\u00f6lkky in a cardboard box with handle"},"content":{"rendered":"<p>M\u00f6lkky \u00e4r ett perfekt s\u00e4tt att tr\u00e4ffa nya m\u00e4nniskor eller att ha kul med familjen, v\u00e4nnerna eller arbetskamraterna! Allt du beh\u00f6ver \u00e4r en plats utomhus och ett spelglatt g\u00e4ng!<br \/>\nUppdaterad design i ny f\u00f6rpackning.<br \/>\nLadda ner appen s\u00e5 blir det l\u00e4ttare att r\u00e4kna po\u00e4ng!<\/p>\n","protected":false},"excerpt":{"rendered":"<p>M\u00f6lkky \u00e4r ett perfekt s\u00e4tt att tr\u00e4ffa nya m\u00e4nniskor eller att ha kul med familjen, v\u00e4nnerna eller arbetskamraterna! Allt du beh\u00f6ver \u00e4r en plats utomhus och ett spelglatt g\u00e4ng! Uppdaterad design i ny f\u00f6rpackning. Ladda ner appen s\u00e5 blir det l\u00e4ttare att r\u00e4kna po\u00e4ng!<\/p>\n","protected":false},"featured_media":0,"template":"","meta":{"content-type":"","_monsterinsights_skip_tracking":false,"_monsterinsights_sitenote_active":false,"_monsterinsights_sitenote_note":"","_monsterinsights_sitenote_category":0},"product_brand":[],"product_cat":[1537],"product_tag":[1240,1249,1238],"brand":[{"id":1217,"name":"M\u00f6lkky","slug":"molkky_se"}],"target-group":[],"discontinued":[],"class_list":{"0":"post-819624","1":"product","2":"type-product","3":"status-archive","5":"product_cat-spel","6":"product_tag-rakning-sv","7":"product_tag-skicklighet-sv","8":"product_tag-strategi-sv","9":"brand-molkky_se","11":"first","12":"outofstock","13":"taxable","14":"shipping-taxable","15":"product-type-simple"},"aioseo_notices":[],"_links":{"self":[{"href":"https:\/\/games.tactic.net\/sv\/wp-json\/wp\/v2\/product\/819624","targetHints":{"allow":["GET"]}}],"collection":[{"href":"https:\/\/games.tactic.net\/sv\/wp-json\/wp\/v2\/product"}],"about":[{"href":"https:\/\/games.tactic.net\/sv\/wp-json\/wp\/v2\/types\/product"}],"wp:attachment":[{"href":"https:\/\/games.tactic.net\/sv\/wp-json\/wp\/v2\/media?parent=819624"}],"wp:term":[{"taxonomy":"product_brand","embeddable":true,"href":"https:\/\/games.tactic.net\/sv\/wp-json\/wp\/v2\/product_brand?post=819624"},{"taxonomy":"product_cat","embeddable":true,"href":"https:\/\/games.tactic.net\/sv\/wp-json\/wp\/v2\/product_cat?post=819624"},{"taxonomy":"product_tag","embeddable":true,"href":"https:\/\/games.tactic.net\/sv\/wp-json\/wp\/v2\/product_tag?post=819624"},{"taxonomy":"brand","embeddable":true,"href":"https:\/\/games.tactic.net\/sv\/wp-json\/wp\/v2\/brand?post=819624"},{"taxonomy":"target-group","embeddable":true,"href":"https:\/\/games.tactic.net\/sv\/wp-json\/wp\/v2\/target-group?post=819624"},{"taxonomy":"discontinued","embeddable":true,"href":"https:\/\/games.tactic.net\/sv\/wp-json\/wp\/v2\/discontinued?post=819624"}],"curies":[{"name":"wp","href":"https:\/\/api.w.org\/{rel}","templated":true}]}}