{"id":814436,"date":"2023-09-27T12:48:26","date_gmt":"2023-09-27T09:48:26","guid":{"rendered":"https:\/\/games.tactic.net\/tuote\/atlantic-triangle\/"},"modified":"2023-09-27T12:48:26","modified_gmt":"2023-09-27T09:48:26","slug":"atlantic-triangle","status":"archive","type":"product","link":"https:\/\/games.tactic.net\/sv\/tuote\/atlantic-triangle\/","title":{"rendered":"Tactic Atlantic Triangle"},"content":{"rendered":"<p>L\u00e5t din handelsflotta f\u00f6r\u00f6ka sig och v\u00e4xa! F\u00f6rs\u00f6k samtidigt v\u00e4lja r\u00e4tt strategi att vinna segerkort.<\/p>\n","protected":false},"excerpt":{"rendered":"<p>Atlantic Triangle \u00e4r ett handelsspel f\u00f6r 2\u20135 spelare. Spelarna f\u00e4rdas p\u00e5 haven som kaptener p\u00e5 europeiska handelsflottor i slutet av 1700-talet. Scenen \u00e4r Atlanten och de tre angr\u00e4nsande kontinenterna f\u00f6r den h\u00e5rda t\u00e4vlingen om pengar och makt.<\/p>\n","protected":false},"featured_media":0,"template":"","meta":{"content-type":"","_monsterinsights_skip_tracking":false,"_monsterinsights_sitenote_active":false,"_monsterinsights_sitenote_note":"","_monsterinsights_sitenote_category":0},"product_brand":[],"product_cat":[1522],"product_tag":[],"brand":[],"target-group":[],"discontinued":[],"class_list":{"0":"post-814436","1":"product","2":"type-product","3":"status-archive","5":"product_cat-strategispel-vuxenspel","7":"first","8":"instock","9":"taxable","10":"shipping-taxable","11":"product-type-simple"},"aioseo_notices":[],"_links":{"self":[{"href":"https:\/\/games.tactic.net\/sv\/wp-json\/wp\/v2\/product\/814436","targetHints":{"allow":["GET"]}}],"collection":[{"href":"https:\/\/games.tactic.net\/sv\/wp-json\/wp\/v2\/product"}],"about":[{"href":"https:\/\/games.tactic.net\/sv\/wp-json\/wp\/v2\/types\/product"}],"wp:attachment":[{"href":"https:\/\/games.tactic.net\/sv\/wp-json\/wp\/v2\/media?parent=814436"}],"wp:term":[{"taxonomy":"product_brand","embeddable":true,"href":"https:\/\/games.tactic.net\/sv\/wp-json\/wp\/v2\/product_brand?post=814436"},{"taxonomy":"product_cat","embeddable":true,"href":"https:\/\/games.tactic.net\/sv\/wp-json\/wp\/v2\/product_cat?post=814436"},{"taxonomy":"product_tag","embeddable":true,"href":"https:\/\/games.tactic.net\/sv\/wp-json\/wp\/v2\/product_tag?post=814436"},{"taxonomy":"brand","embeddable":true,"href":"https:\/\/games.tactic.net\/sv\/wp-json\/wp\/v2\/brand?post=814436"},{"taxonomy":"target-group","embeddable":true,"href":"https:\/\/games.tactic.net\/sv\/wp-json\/wp\/v2\/target-group?post=814436"},{"taxonomy":"discontinued","embeddable":true,"href":"https:\/\/games.tactic.net\/sv\/wp-json\/wp\/v2\/discontinued?post=814436"}],"curies":[{"name":"wp","href":"https:\/\/api.w.org\/{rel}","templated":true}]}}