{"id":80126,"date":"2021-06-14T08:35:40","date_gmt":"2021-06-14T05:35:40","guid":{"rendered":"https:\/\/dev.tactic.net\/tuote\/omg-i-hela-varlden\/"},"modified":"2023-10-23T10:22:45","modified_gmt":"2023-10-23T07:22:45","slug":"omg-i-hela-varlden","status":"publish","type":"product","link":"https:\/\/games.tactic.net\/sv\/tuote\/omg-i-hela-varlden\/","title":{"rendered":"Tactic OMG i hela v\u00e4rlden"},"content":{"rendered":"<p>\u00c4r du redo att bli imponerad? Detta kompakta spel inneh\u00e5ller en h\u00e4rlig blandning av m\u00e4rkliga fenomen fr\u00e5n hela v\u00e4rlden. P\u00e5 varje kort finns en bild av n\u00e5gon udda tradition, sedv\u00e4nja eller fenomen, en fr\u00e5ga om detta och lite information om dess fascinerande historia. Ingen beh\u00f6ver sitta och v\u00e4nta p\u00e5 sin tur eftersom alla spelare besvarar fr\u00e5gorna samtidigt. Det h\u00e4r spelet kommer att f\u00e5 dig att utbrista: \u201dOMG!\u201d.<\/p>\n","protected":false},"excerpt":{"rendered":"<p>I den h\u00e4r roliga lilla fr\u00e5gesporten g\u00e4ller det att k\u00e4nna igen udda och fascinerande traditioner, seder och fenomen fr\u00e5n hela v\u00e4rlden och svara p\u00e5 fr\u00e5gor om dem. P\u00e5 varje kort finns ocks\u00e5 lite intressant information om \u00e4mnet ifr\u00e5ga.<\/p>\n","protected":false},"featured_media":0,"template":"","meta":{"content-type":"","_monsterinsights_skip_tracking":false,"_monsterinsights_sitenote_active":false,"_monsterinsights_sitenote_note":"","_monsterinsights_sitenote_category":0},"product_brand":[],"product_cat":[1523,1524],"product_tag":[],"brand":[],"target-group":[],"discontinued":[],"class_list":{"0":"post-80126","1":"product","2":"type-product","3":"status-publish","5":"product_cat-fragespel-vuxenspel","6":"product_cat-fragespel-familjespel","8":"first","9":"instock","10":"taxable","11":"shipping-taxable","12":"product-type-simple"},"aioseo_notices":[],"_links":{"self":[{"href":"https:\/\/games.tactic.net\/sv\/wp-json\/wp\/v2\/product\/80126","targetHints":{"allow":["GET"]}}],"collection":[{"href":"https:\/\/games.tactic.net\/sv\/wp-json\/wp\/v2\/product"}],"about":[{"href":"https:\/\/games.tactic.net\/sv\/wp-json\/wp\/v2\/types\/product"}],"wp:attachment":[{"href":"https:\/\/games.tactic.net\/sv\/wp-json\/wp\/v2\/media?parent=80126"}],"wp:term":[{"taxonomy":"product_brand","embeddable":true,"href":"https:\/\/games.tactic.net\/sv\/wp-json\/wp\/v2\/product_brand?post=80126"},{"taxonomy":"product_cat","embeddable":true,"href":"https:\/\/games.tactic.net\/sv\/wp-json\/wp\/v2\/product_cat?post=80126"},{"taxonomy":"product_tag","embeddable":true,"href":"https:\/\/games.tactic.net\/sv\/wp-json\/wp\/v2\/product_tag?post=80126"},{"taxonomy":"brand","embeddable":true,"href":"https:\/\/games.tactic.net\/sv\/wp-json\/wp\/v2\/brand?post=80126"},{"taxonomy":"target-group","embeddable":true,"href":"https:\/\/games.tactic.net\/sv\/wp-json\/wp\/v2\/target-group?post=80126"},{"taxonomy":"discontinued","embeddable":true,"href":"https:\/\/games.tactic.net\/sv\/wp-json\/wp\/v2\/discontinued?post=80126"}],"curies":[{"name":"wp","href":"https:\/\/api.w.org\/{rel}","templated":true}]}}