{"id":798251,"date":"2023-09-26T20:07:25","date_gmt":"2023-09-26T17:07:25","guid":{"rendered":"https:\/\/games.tactic.net\/tuote\/beach-bounce\/"},"modified":"2023-10-25T13:21:45","modified_gmt":"2023-10-25T10:21:45","slug":"beach-bounce","status":"publish","type":"product","link":"https:\/\/games.tactic.net\/sv\/tuote\/beach-bounce\/","title":{"rendered":"Tactic Beach Bounce"},"content":{"rendered":"<p>I detta roliga och aktiva spel bland delfiner och s\u00e4lar f\u00e5r du en riktig utmaning. Spela i lag och f\u00f6rs\u00f6k f\u00e5 tre i rad genom att studsa badbollarna s\u00e5 att de landar i v\u00e5gorna. N\u00e4r ni lyckats placerar ni er flagga p\u00e5 \u00f6n. F\u00f6rst med att ha tre flaggor p\u00e5 \u00f6n vinner.<\/p>\n","protected":false},"excerpt":{"rendered":"<p>I detta roliga och aktiva spel bland delfiner och s\u00e4lar f\u00e5r du en riktig utmaning. Spela i lag och f\u00f6rs\u00f6k f\u00e5 tre i rad genom att studsa badbollarna s\u00e5 att de landar i v\u00e5gorna. N\u00e4r ni lyckats placerar ni er flagga p\u00e5 \u00f6n. F\u00f6rst med att ha tre flaggor p\u00e5 \u00f6n vinner.<\/p>\n","protected":false},"featured_media":0,"template":"","meta":{"content-type":"","_monsterinsights_skip_tracking":false,"_monsterinsights_sitenote_active":false,"_monsterinsights_sitenote_note":"","_monsterinsights_sitenote_category":0},"product_brand":[],"product_cat":[1462],"product_tag":[1220],"brand":[],"target-group":[],"discontinued":[],"class_list":{"0":"post-798251","1":"product","2":"type-product","3":"status-publish","5":"product_cat-bradspel-barnspel","6":"product_tag-aktion-sv","8":"first","9":"instock","10":"taxable","11":"shipping-taxable","12":"product-type-simple"},"aioseo_notices":[],"_links":{"self":[{"href":"https:\/\/games.tactic.net\/sv\/wp-json\/wp\/v2\/product\/798251","targetHints":{"allow":["GET"]}}],"collection":[{"href":"https:\/\/games.tactic.net\/sv\/wp-json\/wp\/v2\/product"}],"about":[{"href":"https:\/\/games.tactic.net\/sv\/wp-json\/wp\/v2\/types\/product"}],"wp:attachment":[{"href":"https:\/\/games.tactic.net\/sv\/wp-json\/wp\/v2\/media?parent=798251"}],"wp:term":[{"taxonomy":"product_brand","embeddable":true,"href":"https:\/\/games.tactic.net\/sv\/wp-json\/wp\/v2\/product_brand?post=798251"},{"taxonomy":"product_cat","embeddable":true,"href":"https:\/\/games.tactic.net\/sv\/wp-json\/wp\/v2\/product_cat?post=798251"},{"taxonomy":"product_tag","embeddable":true,"href":"https:\/\/games.tactic.net\/sv\/wp-json\/wp\/v2\/product_tag?post=798251"},{"taxonomy":"brand","embeddable":true,"href":"https:\/\/games.tactic.net\/sv\/wp-json\/wp\/v2\/brand?post=798251"},{"taxonomy":"target-group","embeddable":true,"href":"https:\/\/games.tactic.net\/sv\/wp-json\/wp\/v2\/target-group?post=798251"},{"taxonomy":"discontinued","embeddable":true,"href":"https:\/\/games.tactic.net\/sv\/wp-json\/wp\/v2\/discontinued?post=798251"}],"curies":[{"name":"wp","href":"https:\/\/api.w.org\/{rel}","templated":true}]}}