{"id":797709,"date":"2023-09-26T14:20:41","date_gmt":"2023-09-26T11:20:41","guid":{"rendered":"https:\/\/games.tactic.net\/tuote\/collecta-box-of-mini-dinosaur-in-tube\/"},"modified":"2023-10-18T10:18:39","modified_gmt":"2023-10-18T07:18:39","slug":"collecta-box-of-mini-dinosaur-in-tube","status":"publish","type":"product","link":"https:\/\/games.tactic.net\/sv\/tuote\/collecta-box-of-mini-dinosaur-in-tube\/","title":{"rendered":"CollectA Box of Mini Dinosaur in tube"},"content":{"rendered":"<p>CollectA leksak djur figur. I Collectas utbud hittar du djurfigurer fr\u00e5n ut\u00e5ldriga dinosaurier till sm\u00e5 bondg\u00e5rdsdjur. Figurerna finns i flera olika storlekar som passar f\u00f6r alla lekar.<\/p>\n","protected":false},"excerpt":{"rendered":"<p>CollectA leksak djur figur. I Collectas utbud hittar du djurfigurer fr\u00e5n ut\u00e5ldriga dinosaurier till sm\u00e5 bondg\u00e5rdsdjur. Figurerna finns i flera olika storlekar som passar f\u00f6r alla lekar.<\/p>\n","protected":false},"featured_media":0,"template":"","meta":{"content-type":"","_monsterinsights_skip_tracking":false,"_monsterinsights_sitenote_active":false,"_monsterinsights_sitenote_note":"","_monsterinsights_sitenote_category":0},"product_brand":[],"product_cat":[2197],"product_tag":[],"brand":[],"target-group":[],"discontinued":[],"class_list":{"0":"post-797709","1":"product","2":"type-product","3":"status-publish","5":"product_cat-collecta-leksaker","7":"first","8":"instock","9":"taxable","10":"shipping-taxable","11":"product-type-simple"},"aioseo_notices":[],"_links":{"self":[{"href":"https:\/\/games.tactic.net\/sv\/wp-json\/wp\/v2\/product\/797709","targetHints":{"allow":["GET"]}}],"collection":[{"href":"https:\/\/games.tactic.net\/sv\/wp-json\/wp\/v2\/product"}],"about":[{"href":"https:\/\/games.tactic.net\/sv\/wp-json\/wp\/v2\/types\/product"}],"wp:attachment":[{"href":"https:\/\/games.tactic.net\/sv\/wp-json\/wp\/v2\/media?parent=797709"}],"wp:term":[{"taxonomy":"product_brand","embeddable":true,"href":"https:\/\/games.tactic.net\/sv\/wp-json\/wp\/v2\/product_brand?post=797709"},{"taxonomy":"product_cat","embeddable":true,"href":"https:\/\/games.tactic.net\/sv\/wp-json\/wp\/v2\/product_cat?post=797709"},{"taxonomy":"product_tag","embeddable":true,"href":"https:\/\/games.tactic.net\/sv\/wp-json\/wp\/v2\/product_tag?post=797709"},{"taxonomy":"brand","embeddable":true,"href":"https:\/\/games.tactic.net\/sv\/wp-json\/wp\/v2\/brand?post=797709"},{"taxonomy":"target-group","embeddable":true,"href":"https:\/\/games.tactic.net\/sv\/wp-json\/wp\/v2\/target-group?post=797709"},{"taxonomy":"discontinued","embeddable":true,"href":"https:\/\/games.tactic.net\/sv\/wp-json\/wp\/v2\/discontinued?post=797709"}],"curies":[{"name":"wp","href":"https:\/\/api.w.org\/{rel}","templated":true}]}}