{"id":797607,"date":"2023-09-26T14:18:57","date_gmt":"2023-09-26T11:18:57","guid":{"rendered":"https:\/\/games.tactic.net\/tuote\/collecta-smilodon-xl\/"},"modified":"2023-10-12T14:51:31","modified_gmt":"2023-10-12T11:51:31","slug":"collecta-smilodon-xl","status":"publish","type":"product","link":"https:\/\/games.tactic.net\/sv\/tuote\/collecta-smilodon-xl\/","title":{"rendered":"CollectA Smilodon XL"},"content":{"rendered":"<p>CollectA leksak djur figur. H\u00f6jd: 7,5 cm. I Collectas utbud hittar du djurfigurer fr\u00e5n ut\u00e5ldriga dinosaurier till sm\u00e5 bondg\u00e5rdsdjur. Figurerna finns i flera olika storlekar som passar f\u00f6r alla lekar.<\/p>\n","protected":false},"excerpt":{"rendered":"<p>CollectA leksak djur figur. H\u00f6jd: 7,5 cm. I Collectas utbud hittar du djurfigurer fr\u00e5n ut\u00e5ldriga dinosaurier till sm\u00e5 bondg\u00e5rdsdjur. Figurerna finns i flera olika storlekar som passar f\u00f6r alla lekar.<\/p>\n","protected":false},"featured_media":0,"template":"","meta":{"content-type":"","_monsterinsights_skip_tracking":false,"_monsterinsights_sitenote_active":false,"_monsterinsights_sitenote_note":"","_monsterinsights_sitenote_category":0},"product_brand":[],"product_cat":[2197],"product_tag":[],"brand":[],"target-group":[],"discontinued":[],"class_list":{"0":"post-797607","1":"product","2":"type-product","3":"status-publish","5":"product_cat-collecta-leksaker","7":"first","8":"instock","9":"taxable","10":"shipping-taxable","11":"product-type-simple"},"aioseo_notices":[],"_links":{"self":[{"href":"https:\/\/games.tactic.net\/sv\/wp-json\/wp\/v2\/product\/797607","targetHints":{"allow":["GET"]}}],"collection":[{"href":"https:\/\/games.tactic.net\/sv\/wp-json\/wp\/v2\/product"}],"about":[{"href":"https:\/\/games.tactic.net\/sv\/wp-json\/wp\/v2\/types\/product"}],"wp:attachment":[{"href":"https:\/\/games.tactic.net\/sv\/wp-json\/wp\/v2\/media?parent=797607"}],"wp:term":[{"taxonomy":"product_brand","embeddable":true,"href":"https:\/\/games.tactic.net\/sv\/wp-json\/wp\/v2\/product_brand?post=797607"},{"taxonomy":"product_cat","embeddable":true,"href":"https:\/\/games.tactic.net\/sv\/wp-json\/wp\/v2\/product_cat?post=797607"},{"taxonomy":"product_tag","embeddable":true,"href":"https:\/\/games.tactic.net\/sv\/wp-json\/wp\/v2\/product_tag?post=797607"},{"taxonomy":"brand","embeddable":true,"href":"https:\/\/games.tactic.net\/sv\/wp-json\/wp\/v2\/brand?post=797607"},{"taxonomy":"target-group","embeddable":true,"href":"https:\/\/games.tactic.net\/sv\/wp-json\/wp\/v2\/target-group?post=797607"},{"taxonomy":"discontinued","embeddable":true,"href":"https:\/\/games.tactic.net\/sv\/wp-json\/wp\/v2\/discontinued?post=797607"}],"curies":[{"name":"wp","href":"https:\/\/api.w.org\/{rel}","templated":true}]}}