{"id":796385,"date":"2023-09-25T13:08:19","date_gmt":"2023-09-25T10:08:19","guid":{"rendered":"https:\/\/games.tactic.net\/tuote\/bruder-scania-super-560r-fire-engine-w-ladder-waterp-ls\/"},"modified":"2023-10-20T16:59:53","modified_gmt":"2023-10-20T13:59:53","slug":"bruder-scania-super-560r-fire-engine-w-ladder-waterp-ls","status":"publish","type":"product","link":"https:\/\/games.tactic.net\/sv\/tuote\/bruder-scania-super-560r-fire-engine-w-ladder-waterp-ls\/","title":{"rendered":"Bruder Scania Super 560R Brandbil med stege, vattenpump och Ljus &#038; Ljud leksak"},"content":{"rendered":"<p>BRUDER:s Scania Super 560R stegbil \u00e4r ett av h\u00f6jdpunkterna i brandserien. F\u00f6rutom detaljer som \u00f6ppningsbara d\u00f6rrar och f\u00e4llbara speglar har fordonet en inbyggd vattentank som l\u00e4tt fylls. Slangen kan rullas upp, h\u00e5llas av BRUDER-figurer (t.ex. art.nr. 60100, ing\u00e5r ej) eller f\u00e4stas i stegens korg och har ett fullt fungerande munstycke. Den vridbara stegen med r\u00e4ddningskorg f\u00f6rl\u00e4ngs och h\u00f6jdjusteras via handhjul. F\u00f6rutom tv\u00e5 s\u00e4ten i hytten finns en extra plats f\u00f6r bworld-figur p\u00e5 stegen. Fyra utdragbara st\u00f6dben stabiliserar fordonet och ett stort f\u00f6rvaringsfack med g\u00e5ngj\u00e4rnsd\u00f6rr ger plats f\u00f6r verktyg. Ljus- &#038; Ljudmodul (art.nr. 02801) med motorljud, blink och siren ing\u00e5r. Perfekt att kombinera med bworld brandstation (art.nr. 62702).<\/p>\n","protected":false},"excerpt":{"rendered":"<p>Scania Super 560R brandbil med stege, vattenbeh\u00e5llare, slang och munstycke. D\u00f6rrar \u00f6ppnas, speglar f\u00e4lls. Med Ljus- &#038; Ljudmodul f\u00f6r \u00e4nnu mer lek!<\/p>\n","protected":false},"featured_media":0,"template":"","meta":{"content-type":"","_monsterinsights_skip_tracking":false,"_monsterinsights_sitenote_active":false,"_monsterinsights_sitenote_note":"","_monsterinsights_sitenote_category":0},"product_brand":[],"product_cat":[823],"product_tag":[],"brand":[],"target-group":[],"discontinued":[],"class_list":{"0":"post-796385","1":"product","2":"type-product","3":"status-publish","5":"product_cat-bruder","7":"first","8":"instock","9":"taxable","10":"shipping-taxable","11":"product-type-simple"},"aioseo_notices":[],"_links":{"self":[{"href":"https:\/\/games.tactic.net\/sv\/wp-json\/wp\/v2\/product\/796385","targetHints":{"allow":["GET"]}}],"collection":[{"href":"https:\/\/games.tactic.net\/sv\/wp-json\/wp\/v2\/product"}],"about":[{"href":"https:\/\/games.tactic.net\/sv\/wp-json\/wp\/v2\/types\/product"}],"wp:attachment":[{"href":"https:\/\/games.tactic.net\/sv\/wp-json\/wp\/v2\/media?parent=796385"}],"wp:term":[{"taxonomy":"product_brand","embeddable":true,"href":"https:\/\/games.tactic.net\/sv\/wp-json\/wp\/v2\/product_brand?post=796385"},{"taxonomy":"product_cat","embeddable":true,"href":"https:\/\/games.tactic.net\/sv\/wp-json\/wp\/v2\/product_cat?post=796385"},{"taxonomy":"product_tag","embeddable":true,"href":"https:\/\/games.tactic.net\/sv\/wp-json\/wp\/v2\/product_tag?post=796385"},{"taxonomy":"brand","embeddable":true,"href":"https:\/\/games.tactic.net\/sv\/wp-json\/wp\/v2\/brand?post=796385"},{"taxonomy":"target-group","embeddable":true,"href":"https:\/\/games.tactic.net\/sv\/wp-json\/wp\/v2\/target-group?post=796385"},{"taxonomy":"discontinued","embeddable":true,"href":"https:\/\/games.tactic.net\/sv\/wp-json\/wp\/v2\/discontinued?post=796385"}],"curies":[{"name":"wp","href":"https:\/\/api.w.org\/{rel}","templated":true}]}}