{"id":796313,"date":"2023-09-25T13:06:52","date_gmt":"2023-09-25T10:06:52","guid":{"rendered":"https:\/\/games.tactic.net\/tuote\/bruder-man-tgs-garbage-truck\/"},"modified":"2023-10-20T16:40:49","modified_gmt":"2023-10-20T13:40:49","slug":"bruder-man-tgs-garbage-truck","status":"publish","type":"product","link":"https:\/\/games.tactic.net\/sv\/tuote\/bruder-man-tgs-garbage-truck\/","title":{"rendered":"Bruder MAN TGS Sopbil leksak"},"content":{"rendered":"<p>MAN TGS \u00e4r den perfekta allround-lastbilen f\u00f6r bygg, l\u00e5ngk\u00f6rning och distribution. Sopbilens t\u00f6mningssystem styrs av ett hjul d\u00e4r tv\u00e5 tunnor kan t\u00f6mmas samtidigt. Soporna pressas och transporteras i flaket och syns genom ett f\u00f6nster. Tv\u00e5 sm\u00e5 soptunnor ing\u00e5r. Kompatibel med soptunnset (art.nr. 02607).<\/p>\n","protected":false},"excerpt":{"rendered":"<p>MAN TGS \u2013 den perfekta allround-lastbilen f\u00f6r bygg, l\u00e5ngk\u00f6rning och distribution. Robust design, kraftfull motor och h\u00f6g lastkapacitet.<\/p>\n","protected":false},"featured_media":0,"template":"","meta":{"content-type":"","_monsterinsights_skip_tracking":false,"_monsterinsights_sitenote_active":false,"_monsterinsights_sitenote_note":"","_monsterinsights_sitenote_category":0},"product_brand":[],"product_cat":[823],"product_tag":[],"brand":[],"target-group":[],"discontinued":[],"class_list":{"0":"post-796313","1":"product","2":"type-product","3":"status-publish","5":"product_cat-bruder","7":"first","8":"instock","9":"taxable","10":"shipping-taxable","11":"product-type-simple"},"aioseo_notices":[],"_links":{"self":[{"href":"https:\/\/games.tactic.net\/sv\/wp-json\/wp\/v2\/product\/796313","targetHints":{"allow":["GET"]}}],"collection":[{"href":"https:\/\/games.tactic.net\/sv\/wp-json\/wp\/v2\/product"}],"about":[{"href":"https:\/\/games.tactic.net\/sv\/wp-json\/wp\/v2\/types\/product"}],"wp:attachment":[{"href":"https:\/\/games.tactic.net\/sv\/wp-json\/wp\/v2\/media?parent=796313"}],"wp:term":[{"taxonomy":"product_brand","embeddable":true,"href":"https:\/\/games.tactic.net\/sv\/wp-json\/wp\/v2\/product_brand?post=796313"},{"taxonomy":"product_cat","embeddable":true,"href":"https:\/\/games.tactic.net\/sv\/wp-json\/wp\/v2\/product_cat?post=796313"},{"taxonomy":"product_tag","embeddable":true,"href":"https:\/\/games.tactic.net\/sv\/wp-json\/wp\/v2\/product_tag?post=796313"},{"taxonomy":"brand","embeddable":true,"href":"https:\/\/games.tactic.net\/sv\/wp-json\/wp\/v2\/brand?post=796313"},{"taxonomy":"target-group","embeddable":true,"href":"https:\/\/games.tactic.net\/sv\/wp-json\/wp\/v2\/target-group?post=796313"},{"taxonomy":"discontinued","embeddable":true,"href":"https:\/\/games.tactic.net\/sv\/wp-json\/wp\/v2\/discontinued?post=796313"}],"curies":[{"name":"wp","href":"https:\/\/api.w.org\/{rel}","templated":true}]}}