{"id":792315,"date":"2023-09-25T10:57:07","date_gmt":"2023-09-25T07:57:07","guid":{"rendered":"https:\/\/games.tactic.net\/tuote\/bruder-scania-super-560r-cattle-transportation-truck-w-1\/"},"modified":"2023-10-20T16:59:00","modified_gmt":"2023-10-20T13:59:00","slug":"bruder-scania-super-560r-cattle-transportation-truck-w-1","status":"publish","type":"product","link":"https:\/\/games.tactic.net\/sv\/tuote\/bruder-scania-super-560r-cattle-transportation-truck-w-1\/","title":{"rendered":"Bruder Scania Super 560R N\u00f6tkreaturstransport lastbil med 1 ko leksak"},"content":{"rendered":"<p>BRUDER presenterar Scania Super R-serien \u2013 bekv\u00e4m och robust f\u00f6r alla situationer barn vill \u00e5terskapa. Boskapstransportbilen \u00e4r utrustad f\u00f6r djurv\u00e4nlig transport: f\u00e4llbar, utdragbar ramp med grindar, inv\u00e4ndiga delningsgrindar f\u00f6r olika djur, p\u00e5h\u00e4ngbara fodertr\u00e5g m.m. En ko i skala ing\u00e5r; fler kor och tjurar finns som art.nr. 02308 och 02309. Den nya hytten f\u00f6ljer Scanias dynamiska design med f\u00e4llbara speglar och \u00f6ppningsbara d\u00f6rrar, och kan kompletteras med Ljus- &#038; Ljudmodul (art.nr. 02801).<\/p>\n","protected":false},"excerpt":{"rendered":"<p>Scania Super R boskapstransport: robust, detaljerad med ramp, grindar och fodertr\u00e5g. En ko ing\u00e5r. D\u00f6rrar kan \u00f6ppnas. Kan kompletteras med Ljus- &#038; Ljudmodul.<\/p>\n","protected":false},"featured_media":0,"template":"","meta":{"content-type":"","_monsterinsights_skip_tracking":false,"_monsterinsights_sitenote_active":false,"_monsterinsights_sitenote_note":"","_monsterinsights_sitenote_category":0},"product_brand":[],"product_cat":[823],"product_tag":[],"brand":[],"target-group":[],"discontinued":[],"class_list":{"0":"post-792315","1":"product","2":"type-product","3":"status-publish","5":"product_cat-bruder","7":"first","8":"instock","9":"taxable","10":"shipping-taxable","11":"product-type-simple"},"aioseo_notices":[],"_links":{"self":[{"href":"https:\/\/games.tactic.net\/sv\/wp-json\/wp\/v2\/product\/792315","targetHints":{"allow":["GET"]}}],"collection":[{"href":"https:\/\/games.tactic.net\/sv\/wp-json\/wp\/v2\/product"}],"about":[{"href":"https:\/\/games.tactic.net\/sv\/wp-json\/wp\/v2\/types\/product"}],"wp:attachment":[{"href":"https:\/\/games.tactic.net\/sv\/wp-json\/wp\/v2\/media?parent=792315"}],"wp:term":[{"taxonomy":"product_brand","embeddable":true,"href":"https:\/\/games.tactic.net\/sv\/wp-json\/wp\/v2\/product_brand?post=792315"},{"taxonomy":"product_cat","embeddable":true,"href":"https:\/\/games.tactic.net\/sv\/wp-json\/wp\/v2\/product_cat?post=792315"},{"taxonomy":"product_tag","embeddable":true,"href":"https:\/\/games.tactic.net\/sv\/wp-json\/wp\/v2\/product_tag?post=792315"},{"taxonomy":"brand","embeddable":true,"href":"https:\/\/games.tactic.net\/sv\/wp-json\/wp\/v2\/brand?post=792315"},{"taxonomy":"target-group","embeddable":true,"href":"https:\/\/games.tactic.net\/sv\/wp-json\/wp\/v2\/target-group?post=792315"},{"taxonomy":"discontinued","embeddable":true,"href":"https:\/\/games.tactic.net\/sv\/wp-json\/wp\/v2\/discontinued?post=792315"}],"curies":[{"name":"wp","href":"https:\/\/api.w.org\/{rel}","templated":true}]}}