{"id":785946,"date":"2023-09-20T18:07:16","date_gmt":"2023-09-20T15:07:16","guid":{"rendered":"https:\/\/games.tactic.net\/tuote\/schaffer-compact-loader-2034-with-bale-gripper-and-1-round-bale\/"},"modified":"2023-10-20T17:02:03","modified_gmt":"2023-10-20T14:02:03","slug":"schaffer-compact-loader-2034-with-bale-gripper-and-1-round-bale","status":"publish","type":"product","link":"https:\/\/games.tactic.net\/sv\/tuote\/schaffer-compact-loader-2034-with-bale-gripper-and-1-round-bale\/","title":{"rendered":"Bruder Sch\u00e4ffer Compact loader 2630 with Bale gripper and 1 round bale"},"content":{"rendered":"<p>I \u00f6ver 50 \u00e5r har Sch\u00e4ffer utvecklat ledstyrda kompaktlastare f\u00f6r jordbruk, tr\u00e4dg\u00e5rd och landskapsarbete. Kompaktserie 2000 \u00e4r en av Sch\u00e4ffers mest framg\u00e5ngsrika modellserier genom tiderna, k\u00e4nd f\u00f6r h\u00f6g prestanda \u00e4ven i tr\u00e5nga utrymmen. Denna smidiga och m\u00e5ngsidiga lastare \u00e4r ett uppskattat arbetsfordon inom lantbruket och finns nu fr\u00e5n BRUDER i skala 1:16, komplett med ballyft.<br \/>\nFordonet har fungerande ledstyrning, och b\u00e5de lastarm och skopa man\u00f6vreras precis som p\u00e5 originalet. Ett stabilt v\u00e4ltskydd ger extra s\u00e4kerhet f\u00f6r bworld-figuren, som passar perfekt i f\u00f6rarplatsen.<br \/>\nBallyften \u00e4r ett praktiskt tillbeh\u00f6r vid transport och hantering av halm och h\u00f6. Den g\u00f6r det enkelt f\u00f6r sm\u00e5 lantbrukare att flytta den medf\u00f6ljande rundbalen till ladan och lasta av den igen. Gripen \u00f6ppnas och st\u00e4ngs smidigt genom att vrida p\u00e5 det \u00f6vre vredet.<\/p>\n","protected":false},"excerpt":{"rendered":"<p>Bruder Sch\u00e4ffer lastare med ballyft, rundbal och skopa. Ett h\u00e4rligt lekset d\u00e4r man kan lasta rundbalar med sin Sch\u00e4ffer lastare. Ett roligt arbetsfordon som passar fint till \u00f6vriga leksaker fr\u00e5n Bruder.<\/p>\n","protected":false},"featured_media":0,"template":"","meta":{"content-type":"","_monsterinsights_skip_tracking":false,"_monsterinsights_sitenote_active":false,"_monsterinsights_sitenote_note":"","_monsterinsights_sitenote_category":0},"product_brand":[],"product_cat":[823],"product_tag":[],"brand":[],"target-group":[],"discontinued":[],"class_list":{"0":"post-785946","1":"product","2":"type-product","3":"status-publish","5":"product_cat-bruder","7":"first","8":"instock","9":"taxable","10":"shipping-taxable","11":"product-type-simple"},"aioseo_notices":[],"_links":{"self":[{"href":"https:\/\/games.tactic.net\/sv\/wp-json\/wp\/v2\/product\/785946","targetHints":{"allow":["GET"]}}],"collection":[{"href":"https:\/\/games.tactic.net\/sv\/wp-json\/wp\/v2\/product"}],"about":[{"href":"https:\/\/games.tactic.net\/sv\/wp-json\/wp\/v2\/types\/product"}],"wp:attachment":[{"href":"https:\/\/games.tactic.net\/sv\/wp-json\/wp\/v2\/media?parent=785946"}],"wp:term":[{"taxonomy":"product_brand","embeddable":true,"href":"https:\/\/games.tactic.net\/sv\/wp-json\/wp\/v2\/product_brand?post=785946"},{"taxonomy":"product_cat","embeddable":true,"href":"https:\/\/games.tactic.net\/sv\/wp-json\/wp\/v2\/product_cat?post=785946"},{"taxonomy":"product_tag","embeddable":true,"href":"https:\/\/games.tactic.net\/sv\/wp-json\/wp\/v2\/product_tag?post=785946"},{"taxonomy":"brand","embeddable":true,"href":"https:\/\/games.tactic.net\/sv\/wp-json\/wp\/v2\/brand?post=785946"},{"taxonomy":"target-group","embeddable":true,"href":"https:\/\/games.tactic.net\/sv\/wp-json\/wp\/v2\/target-group?post=785946"},{"taxonomy":"discontinued","embeddable":true,"href":"https:\/\/games.tactic.net\/sv\/wp-json\/wp\/v2\/discontinued?post=785946"}],"curies":[{"name":"wp","href":"https:\/\/api.w.org\/{rel}","templated":true}]}}