{"id":785769,"date":"2023-09-20T18:03:56","date_gmt":"2023-09-20T15:03:56","guid":{"rendered":"https:\/\/games.tactic.net\/tuote\/prinoth-snow-groomer-leitwolf\/"},"modified":"2023-10-20T16:53:04","modified_gmt":"2023-10-20T13:53:04","slug":"prinoth-snow-groomer-leitwolf","status":"publish","type":"product","link":"https:\/\/games.tactic.net\/sv\/tuote\/prinoth-snow-groomer-leitwolf\/","title":{"rendered":"Bruder Prinoth Leitwolf Snow groomer toy"},"content":{"rendered":"<p>Med en effekt p\u00e5 530 hk dominerar LEITWOLF scenen som den obestridda toppen bland pistmaskiner. Dess sexcylindriga dieselmotor genererar ett vridmoment p\u00e5 2 460 Nm och kombinerar styrka med s\u00e4kerhet \u2013 helt p\u00e5litlig i alla extrema situationer i bergen. Tack vare sin h\u00f6ga flexibilitet arbetar LEITWOLF effektivt och h\u00e5llbart.<\/p>\n<p>Detta imponerande fordon har nu lagts till i det omfattande BRUDER-sortimentet som en ny modell i skala 1:16. Denna leksak \u00f6vertygar med enast\u00e5ende detaljrikedom och ett brett funktionellt omf\u00e5ng. Det imponerande schaktbladet \u00e4r h\u00f6jdjusterbart, vridbart och har justerbara ytterblad f\u00f6r maximalt r\u00f6jningsresultat. Tack vare \u00f6ppningsbara d\u00f6rrar f\u00e5r de valfritt tillg\u00e4ngliga bworld-figurerna tillg\u00e5ng till den imponerande hytten.<\/p>\n<p>Den detaljerade och kraftfulla sn\u00f6fr\u00e4sen baktill \u00e4r h\u00f6jdjusterbar och har ett roterande pumphjul. Sn\u00f6fr\u00e4sen \u00e4r ocks\u00e5 vridbar och har justerbara ytterblad. En absolut h\u00f6jdpunkt f\u00f6r alla unga vintersportentusiaster \u2013 helt i linje med BRUDERs motto \u201dprecis som i verkligheten\u201d.<\/p>\n","protected":false},"excerpt":{"rendered":"<p>Bruder<\/p>\n","protected":false},"featured_media":0,"template":"","meta":{"content-type":"","_monsterinsights_skip_tracking":false,"_monsterinsights_sitenote_active":false,"_monsterinsights_sitenote_note":"","_monsterinsights_sitenote_category":0},"product_brand":[],"product_cat":[823],"product_tag":[],"brand":[],"target-group":[],"discontinued":[],"class_list":{"0":"post-785769","1":"product","2":"type-product","3":"status-publish","5":"product_cat-bruder","7":"first","8":"instock","9":"taxable","10":"shipping-taxable","11":"product-type-simple"},"aioseo_notices":[],"_links":{"self":[{"href":"https:\/\/games.tactic.net\/sv\/wp-json\/wp\/v2\/product\/785769","targetHints":{"allow":["GET"]}}],"collection":[{"href":"https:\/\/games.tactic.net\/sv\/wp-json\/wp\/v2\/product"}],"about":[{"href":"https:\/\/games.tactic.net\/sv\/wp-json\/wp\/v2\/types\/product"}],"wp:attachment":[{"href":"https:\/\/games.tactic.net\/sv\/wp-json\/wp\/v2\/media?parent=785769"}],"wp:term":[{"taxonomy":"product_brand","embeddable":true,"href":"https:\/\/games.tactic.net\/sv\/wp-json\/wp\/v2\/product_brand?post=785769"},{"taxonomy":"product_cat","embeddable":true,"href":"https:\/\/games.tactic.net\/sv\/wp-json\/wp\/v2\/product_cat?post=785769"},{"taxonomy":"product_tag","embeddable":true,"href":"https:\/\/games.tactic.net\/sv\/wp-json\/wp\/v2\/product_tag?post=785769"},{"taxonomy":"brand","embeddable":true,"href":"https:\/\/games.tactic.net\/sv\/wp-json\/wp\/v2\/brand?post=785769"},{"taxonomy":"target-group","embeddable":true,"href":"https:\/\/games.tactic.net\/sv\/wp-json\/wp\/v2\/target-group?post=785769"},{"taxonomy":"discontinued","embeddable":true,"href":"https:\/\/games.tactic.net\/sv\/wp-json\/wp\/v2\/discontinued?post=785769"}],"curies":[{"name":"wp","href":"https:\/\/api.w.org\/{rel}","templated":true}]}}