{"id":785766,"date":"2023-09-20T18:03:11","date_gmt":"2023-09-20T15:03:11","guid":{"rendered":"https:\/\/games.tactic.net\/tuote\/new-holland-t7-315\/"},"modified":"2023-10-20T16:52:03","modified_gmt":"2023-10-20T13:52:03","slug":"new-holland-t7-315","status":"publish","type":"product","link":"https:\/\/games.tactic.net\/sv\/tuote\/new-holland-t7-315\/","title":{"rendered":"Bruder New Holland T7.315 traktor leksak"},"content":{"rendered":"<p>Moderna g\u00e5rdar kr\u00e4ver starka traktorer. D\u00e4rf\u00f6r utvecklade New Holland T7 Heavy Duty-serien med fokus p\u00e5 flexibilitet och kraft. Traktorn ger 313 hk f\u00f6r tung utrustning \u2013 stark nog f\u00f6r drag, jordbearbetning, balpressning och transport. I design, funktion och kvalitet lever den nya BRUDER-modellen i skala 1:16 upp till mottot \u201dprecis som p\u00e5 riktigt\u201d. Hytten \u00e4r helt glasad med l\u00e4tt\u00f6ppnade d\u00f6rrar; motorhuven f\u00e4lls upp och visar den imponerande motorn. Pendlande framaxel och styrf\u00f6rl\u00e4ngning via tak ger suver\u00e4n man\u00f6vrering och komfort. Komplettera med p\u00e5stickbar frontlastare (art.nr. 03333). H\u00f6jdjusterbart drag passar alla Professional-seriens sl\u00e4p. Nya, avtagbara hjul ger extra lekv\u00e4rde. L\u00e4gg g\u00e4rna till Workshop-figurset (art.nr. 62100). Alla BRUDER:s jordbruksredskap passar.<\/p>\n","protected":false},"excerpt":{"rendered":"<p>New Holland T7.315 med 313 hk klarar tunga jobb: drag, jordbearbetning, balpressning och transport. Kompatibel med alla BRUDER-trailers.<\/p>\n","protected":false},"featured_media":0,"template":"","meta":{"content-type":"","_monsterinsights_skip_tracking":false,"_monsterinsights_sitenote_active":false,"_monsterinsights_sitenote_note":"","_monsterinsights_sitenote_category":0},"product_brand":[],"product_cat":[823],"product_tag":[],"brand":[],"target-group":[],"discontinued":[],"class_list":{"0":"post-785766","1":"product","2":"type-product","3":"status-publish","5":"product_cat-bruder","7":"first","8":"instock","9":"taxable","10":"shipping-taxable","11":"product-type-simple"},"aioseo_notices":[],"_links":{"self":[{"href":"https:\/\/games.tactic.net\/sv\/wp-json\/wp\/v2\/product\/785766","targetHints":{"allow":["GET"]}}],"collection":[{"href":"https:\/\/games.tactic.net\/sv\/wp-json\/wp\/v2\/product"}],"about":[{"href":"https:\/\/games.tactic.net\/sv\/wp-json\/wp\/v2\/types\/product"}],"wp:attachment":[{"href":"https:\/\/games.tactic.net\/sv\/wp-json\/wp\/v2\/media?parent=785766"}],"wp:term":[{"taxonomy":"product_brand","embeddable":true,"href":"https:\/\/games.tactic.net\/sv\/wp-json\/wp\/v2\/product_brand?post=785766"},{"taxonomy":"product_cat","embeddable":true,"href":"https:\/\/games.tactic.net\/sv\/wp-json\/wp\/v2\/product_cat?post=785766"},{"taxonomy":"product_tag","embeddable":true,"href":"https:\/\/games.tactic.net\/sv\/wp-json\/wp\/v2\/product_tag?post=785766"},{"taxonomy":"brand","embeddable":true,"href":"https:\/\/games.tactic.net\/sv\/wp-json\/wp\/v2\/brand?post=785766"},{"taxonomy":"target-group","embeddable":true,"href":"https:\/\/games.tactic.net\/sv\/wp-json\/wp\/v2\/target-group?post=785766"},{"taxonomy":"discontinued","embeddable":true,"href":"https:\/\/games.tactic.net\/sv\/wp-json\/wp\/v2\/discontinued?post=785766"}],"curies":[{"name":"wp","href":"https:\/\/api.w.org\/{rel}","templated":true}]}}