{"id":785594,"date":"2023-09-20T17:57:06","date_gmt":"2023-09-20T14:57:06","guid":{"rendered":"https:\/\/games.tactic.net\/tuote\/man-tgs-side-loading-garbage-truck\/"},"modified":"2023-10-20T16:41:20","modified_gmt":"2023-10-20T13:41:20","slug":"man-tgs-side-loading-garbage-truck","status":"publish","type":"product","link":"https:\/\/games.tactic.net\/sv\/tuote\/man-tgs-side-loading-garbage-truck\/","title":{"rendered":"Bruder MAN TGS Sidlastande sopbil leksak"},"content":{"rendered":"<p>MAN TGS \u00e4r den perfekta allround-lastbilen f\u00f6r byggarbetsplatser, l\u00e5ngtransporter och distribution. Tack vare h\u00e5llbar konstruktion, kraftfulla motorer och h\u00f6g lastkapacitet \u00e4r den prototypen f\u00f6r den ofta beskrivna \u201dallroundbilen\u201d med m\u00e5nga innovationer. Nu har BRUDER:s MAN TGS-flotta ut\u00f6kats med en toppmodern sidolastande sopbil. En lyftenhet f\u00e4lls ut fr\u00e5n sidan, greppar tunnor och t\u00f6mmer dem utan att en extra person beh\u00f6vs. Tv\u00e5 skruvkomprimatorer transporterar avfallet i lastkroppen bak\u00e5t. N\u00e4r bakluckan \u00f6ppnats kan hela karossen tippas f\u00f6r t\u00f6mning. V\u00e5ra sm\u00e5 soptunnor fr\u00e5n set 02607 passar perfekt. Med denna detaljerade leksak kan barn uppt\u00e4cka arbetet med soph\u00e4mtning och \u00e5tervinning \u2013 \u201dprecis som p\u00e5 riktigt\u201d.<\/p>\n","protected":false},"excerpt":{"rendered":"<p>Barn kan uppt\u00e4cka soph\u00e4mtningens sp\u00e4nnande uppgifter med BRUDER MAN TGS sidolastande sopbil. Tv\u00e5 skruvkompressorer pressar avfallet. BRUDER-kvalitet \u2013 precis som i verkligheten!<\/p>\n","protected":false},"featured_media":0,"template":"","meta":{"content-type":"","_monsterinsights_skip_tracking":false,"_monsterinsights_sitenote_active":false,"_monsterinsights_sitenote_note":"","_monsterinsights_sitenote_category":0},"product_brand":[],"product_cat":[823],"product_tag":[],"brand":[],"target-group":[],"discontinued":[],"class_list":{"0":"post-785594","1":"product","2":"type-product","3":"status-publish","5":"product_cat-bruder","7":"first","8":"instock","9":"taxable","10":"shipping-taxable","11":"product-type-simple"},"aioseo_notices":[],"_links":{"self":[{"href":"https:\/\/games.tactic.net\/sv\/wp-json\/wp\/v2\/product\/785594","targetHints":{"allow":["GET"]}}],"collection":[{"href":"https:\/\/games.tactic.net\/sv\/wp-json\/wp\/v2\/product"}],"about":[{"href":"https:\/\/games.tactic.net\/sv\/wp-json\/wp\/v2\/types\/product"}],"wp:attachment":[{"href":"https:\/\/games.tactic.net\/sv\/wp-json\/wp\/v2\/media?parent=785594"}],"wp:term":[{"taxonomy":"product_brand","embeddable":true,"href":"https:\/\/games.tactic.net\/sv\/wp-json\/wp\/v2\/product_brand?post=785594"},{"taxonomy":"product_cat","embeddable":true,"href":"https:\/\/games.tactic.net\/sv\/wp-json\/wp\/v2\/product_cat?post=785594"},{"taxonomy":"product_tag","embeddable":true,"href":"https:\/\/games.tactic.net\/sv\/wp-json\/wp\/v2\/product_tag?post=785594"},{"taxonomy":"brand","embeddable":true,"href":"https:\/\/games.tactic.net\/sv\/wp-json\/wp\/v2\/brand?post=785594"},{"taxonomy":"target-group","embeddable":true,"href":"https:\/\/games.tactic.net\/sv\/wp-json\/wp\/v2\/target-group?post=785594"},{"taxonomy":"discontinued","embeddable":true,"href":"https:\/\/games.tactic.net\/sv\/wp-json\/wp\/v2\/discontinued?post=785594"}],"curies":[{"name":"wp","href":"https:\/\/api.w.org\/{rel}","templated":true}]}}