{"id":783431,"date":"2023-09-20T16:51:11","date_gmt":"2023-09-20T13:51:11","guid":{"rendered":"https:\/\/games.tactic.net\/tuote\/spotlight-slam\/"},"modified":"2023-10-25T13:57:28","modified_gmt":"2023-10-25T10:57:28","slug":"spotlight-slam","status":"publish","type":"product","link":"https:\/\/games.tactic.net\/sv\/tuote\/spotlight-slam\/","title":{"rendered":"Tactic Spotlight Slam"},"content":{"rendered":"<p>Roligt och aktivt charadspel f\u00f6r barn. En spelare agerar och de andra gissar. De som gissar f\u00f6rs\u00f6ker f\u00e5nga kortet som matchar sk\u00e5despelarens agerande genom att smasha det med sina klubbor. Den snabbaste smasharen vinner kortet. F\u00f6rst till fem vinner.<\/p>\n","protected":false},"excerpt":{"rendered":"<p>Roligt och aktivt charadspel f\u00f6r barn. En spelare agerar och de andra gissar. De som gissar f\u00f6rs\u00f6ker f\u00e5nga kortet som matchar sk\u00e5despelarens agerande genom att smasha det med sina klubbor. Den snabbaste smasharen vinner kortet. F\u00f6rst till fem vinner.<\/p>\n","protected":false},"featured_media":0,"template":"","meta":{"content-type":"","_monsterinsights_skip_tracking":false,"_monsterinsights_sitenote_active":false,"_monsterinsights_sitenote_note":"","_monsterinsights_sitenote_category":0},"product_brand":[],"product_cat":[1462],"product_tag":[1220,1226,1227],"brand":[],"target-group":[],"discontinued":[],"class_list":{"0":"post-783431","1":"product","2":"type-product","3":"status-publish","5":"product_cat-bradspel-barnspel","6":"product_tag-aktion-sv","7":"product_tag-hastighet-sv","8":"product_tag-kreativitet-sv","10":"first","11":"instock","12":"taxable","13":"shipping-taxable","14":"product-type-simple"},"aioseo_notices":[],"_links":{"self":[{"href":"https:\/\/games.tactic.net\/sv\/wp-json\/wp\/v2\/product\/783431","targetHints":{"allow":["GET"]}}],"collection":[{"href":"https:\/\/games.tactic.net\/sv\/wp-json\/wp\/v2\/product"}],"about":[{"href":"https:\/\/games.tactic.net\/sv\/wp-json\/wp\/v2\/types\/product"}],"wp:attachment":[{"href":"https:\/\/games.tactic.net\/sv\/wp-json\/wp\/v2\/media?parent=783431"}],"wp:term":[{"taxonomy":"product_brand","embeddable":true,"href":"https:\/\/games.tactic.net\/sv\/wp-json\/wp\/v2\/product_brand?post=783431"},{"taxonomy":"product_cat","embeddable":true,"href":"https:\/\/games.tactic.net\/sv\/wp-json\/wp\/v2\/product_cat?post=783431"},{"taxonomy":"product_tag","embeddable":true,"href":"https:\/\/games.tactic.net\/sv\/wp-json\/wp\/v2\/product_tag?post=783431"},{"taxonomy":"brand","embeddable":true,"href":"https:\/\/games.tactic.net\/sv\/wp-json\/wp\/v2\/brand?post=783431"},{"taxonomy":"target-group","embeddable":true,"href":"https:\/\/games.tactic.net\/sv\/wp-json\/wp\/v2\/target-group?post=783431"},{"taxonomy":"discontinued","embeddable":true,"href":"https:\/\/games.tactic.net\/sv\/wp-json\/wp\/v2\/discontinued?post=783431"}],"curies":[{"name":"wp","href":"https:\/\/api.w.org\/{rel}","templated":true}]}}