{"id":779314,"date":"2023-09-15T12:30:23","date_gmt":"2023-09-15T09:30:23","guid":{"rendered":"https:\/\/games.tactic.net\/tuote\/man-tga-rear-loading-garbage-truck\/"},"modified":"2023-10-20T16:38:58","modified_gmt":"2023-10-20T13:38:58","slug":"man-tga-rear-loading-garbage-truck","status":"publish","type":"product","link":"https:\/\/games.tactic.net\/sv\/tuote\/man-tga-rear-loading-garbage-truck\/","title":{"rendered":"Bruder MAN TGA Baklastande sopbil leksak"},"content":{"rendered":"<p>Den senaste sopbilen fr\u00e5n BRUDER bygger p\u00e5 MAN TGA. Hytten kan tippas, motorn syns. Bilen matar sopor med tv\u00e5 spiraltransport\u00f6rer, precis som originalet. Bakluckan \u00f6ppnas och l\u00e5ses. Tv\u00e5 soptunnor ing\u00e5r. Kan kompletteras med BRUDER:s soptunnset (art.nr. 02607).<\/p>\n","protected":false},"excerpt":{"rendered":"<p>Ny sopbil baserad p\u00e5 MAN TGA! Med tv\u00e5 spiraltransport\u00f6rer pressas avfallet precis som i verkligheten. Motorn syns n\u00e4r hytten tippas.<\/p>\n","protected":false},"featured_media":0,"template":"","meta":{"content-type":"","_monsterinsights_skip_tracking":false,"_monsterinsights_sitenote_active":false,"_monsterinsights_sitenote_note":"","_monsterinsights_sitenote_category":0},"product_brand":[],"product_cat":[823],"product_tag":[],"brand":[],"target-group":[],"discontinued":[],"class_list":{"0":"post-779314","1":"product","2":"type-product","3":"status-publish","5":"product_cat-bruder","7":"first","8":"instock","9":"taxable","10":"shipping-taxable","11":"product-type-simple"},"aioseo_notices":[],"_links":{"self":[{"href":"https:\/\/games.tactic.net\/sv\/wp-json\/wp\/v2\/product\/779314","targetHints":{"allow":["GET"]}}],"collection":[{"href":"https:\/\/games.tactic.net\/sv\/wp-json\/wp\/v2\/product"}],"about":[{"href":"https:\/\/games.tactic.net\/sv\/wp-json\/wp\/v2\/types\/product"}],"wp:attachment":[{"href":"https:\/\/games.tactic.net\/sv\/wp-json\/wp\/v2\/media?parent=779314"}],"wp:term":[{"taxonomy":"product_brand","embeddable":true,"href":"https:\/\/games.tactic.net\/sv\/wp-json\/wp\/v2\/product_brand?post=779314"},{"taxonomy":"product_cat","embeddable":true,"href":"https:\/\/games.tactic.net\/sv\/wp-json\/wp\/v2\/product_cat?post=779314"},{"taxonomy":"product_tag","embeddable":true,"href":"https:\/\/games.tactic.net\/sv\/wp-json\/wp\/v2\/product_tag?post=779314"},{"taxonomy":"brand","embeddable":true,"href":"https:\/\/games.tactic.net\/sv\/wp-json\/wp\/v2\/brand?post=779314"},{"taxonomy":"target-group","embeddable":true,"href":"https:\/\/games.tactic.net\/sv\/wp-json\/wp\/v2\/target-group?post=779314"},{"taxonomy":"discontinued","embeddable":true,"href":"https:\/\/games.tactic.net\/sv\/wp-json\/wp\/v2\/discontinued?post=779314"}],"curies":[{"name":"wp","href":"https:\/\/api.w.org\/{rel}","templated":true}]}}