{"id":776677,"date":"2023-08-25T11:28:24","date_gmt":"2023-08-25T08:28:24","guid":{"rendered":"https:\/\/games.tactic.net\/tuote\/agenterna\/"},"modified":"2023-10-25T08:29:53","modified_gmt":"2023-10-25T05:29:53","slug":"agenterna","status":"publish","type":"product","link":"https:\/\/games.tactic.net\/sv\/tuote\/agenterna\/","title":{"rendered":"Agenterna"},"content":{"rendered":"<p>Ingen tid att f\u00f6rlora! Samla teamet och ta er an det senaste brottsfallet i Krimsta City. Men skynda er, f\u00f6r brottsplatsens sp\u00e5r kallnar och de misst\u00e4nkta m\u00e5ste sl\u00e4ppas utan tillr\u00e4ckligt mycket bevis.  I Agenterna spelar ni ett utvalt team agenter fr\u00e5n KSSA \u2013 Krimsta Secret Service Agency \u2013 som s\u00e4tts in f\u00f6r att l\u00f6sa de sv\u00e5raste brotten i Krimsta City. \u00c5k ut och unders\u00f6k brottsplatsen f\u00f6r att samla in sp\u00e5r, analysera det ni f\u00e5r in och f\u00f6rh\u00f6r misst\u00e4nkta f\u00f6r att bygga upp er bevisning. Med varierande brottsplatser, brott och misst\u00e4nkta och slumpm\u00e4ssiga element finns mycket variation f\u00f6r m\u00e5nga omg\u00e5ngar spelande. Spelet \u00e4r ett samarbetsspel d\u00e4r ni tillsammans arbetar f\u00f6r att vinna, och ni kan v\u00e4lja att t\u00e4vla mot er sj\u00e4lva genom att h\u00e5lla koll p\u00e5 er po\u00e4ng fr\u00e5n tidigare spel.  \u00c4r ni redo f\u00f6r uppgiften?<\/p>\n","protected":false},"excerpt":{"rendered":"<p>Ingen tid att f\u00f6rlora! Samla teamet och ta er an det senaste brottsfallet i Krimsta City. Men skynda er, f\u00f6r brottsplatsens sp\u00e5r kallnar och de misst\u00e4nkta m\u00e5ste sl\u00e4ppas utan tillr\u00e4ckligt mycket bevis. I Agenterna spelar ni ett utvalt team agenter fr\u00e5n KSSA \u2013 Krimsta Secret Service Agency \u2013 som s\u00e4tts in f\u00f6r att l\u00f6sa de [&hellip;]<\/p>\n","protected":false},"featured_media":0,"template":"","meta":{"content-type":"","_monsterinsights_skip_tracking":false,"_monsterinsights_sitenote_active":false,"_monsterinsights_sitenote_note":"","_monsterinsights_sitenote_category":0},"product_brand":[],"product_cat":[365],"product_tag":[],"brand":[],"target-group":[],"discontinued":[],"class_list":{"0":"post-776677","1":"product","2":"type-product","3":"status-publish","5":"product_cat-familjespel","7":"first","8":"instock","9":"taxable","10":"shipping-taxable","11":"product-type-simple"},"aioseo_notices":[],"_links":{"self":[{"href":"https:\/\/games.tactic.net\/sv\/wp-json\/wp\/v2\/product\/776677","targetHints":{"allow":["GET"]}}],"collection":[{"href":"https:\/\/games.tactic.net\/sv\/wp-json\/wp\/v2\/product"}],"about":[{"href":"https:\/\/games.tactic.net\/sv\/wp-json\/wp\/v2\/types\/product"}],"wp:attachment":[{"href":"https:\/\/games.tactic.net\/sv\/wp-json\/wp\/v2\/media?parent=776677"}],"wp:term":[{"taxonomy":"product_brand","embeddable":true,"href":"https:\/\/games.tactic.net\/sv\/wp-json\/wp\/v2\/product_brand?post=776677"},{"taxonomy":"product_cat","embeddable":true,"href":"https:\/\/games.tactic.net\/sv\/wp-json\/wp\/v2\/product_cat?post=776677"},{"taxonomy":"product_tag","embeddable":true,"href":"https:\/\/games.tactic.net\/sv\/wp-json\/wp\/v2\/product_tag?post=776677"},{"taxonomy":"brand","embeddable":true,"href":"https:\/\/games.tactic.net\/sv\/wp-json\/wp\/v2\/brand?post=776677"},{"taxonomy":"target-group","embeddable":true,"href":"https:\/\/games.tactic.net\/sv\/wp-json\/wp\/v2\/target-group?post=776677"},{"taxonomy":"discontinued","embeddable":true,"href":"https:\/\/games.tactic.net\/sv\/wp-json\/wp\/v2\/discontinued?post=776677"}],"curies":[{"name":"wp","href":"https:\/\/api.w.org\/{rel}","templated":true}]}}