{"id":776177,"date":"2023-08-21T13:12:48","date_gmt":"2023-08-21T10:12:48","guid":{"rendered":"https:\/\/games.tactic.net\/tuote\/bruder-wheel-loader\/"},"modified":"2023-10-20T15:29:06","modified_gmt":"2023-10-20T12:29:06","slug":"bruder-wheel-loader","status":"publish","type":"product","link":"https:\/\/games.tactic.net\/sv\/tuote\/bruder-wheel-loader\/","title":{"rendered":"Bruder ROADMAX Hjullastare leksak"},"content":{"rendered":"<p>BRUDER:s v\u00e4rld av byggfordon \u00e4r mycket popul\u00e4r tack vare snygg finish och m\u00e5nga funktioner. Nu tillkommer den nya BRUDER hjullastaren! Med smart design och enkel man\u00f6vrering styrs hela lastarmen och skopan med ett centralt handtag. De grova d\u00e4cken och den ledade styrningen g\u00f6r att den tar sig fram \u00f6verallt \u2013 \u00e4ven i sandl\u00e5dan. Rekommenderas fr\u00e5n 2 \u00e5r \u2013 en riktig favorit hos sm\u00e5 byggare!<\/p>\n","protected":false},"excerpt":{"rendered":"<p>BRUDER-v\u00e4rlden v\u00e4xer med en ny hjullastare! Enkel att hantera med centralt handtag, stora d\u00e4ck och ledad styrning. Perfekt f\u00f6r sandl\u00e5dan och redan fr\u00e5n 2 \u00e5r.<\/p>\n","protected":false},"featured_media":0,"template":"","meta":{"content-type":"","_monsterinsights_skip_tracking":false,"_monsterinsights_sitenote_active":false,"_monsterinsights_sitenote_note":"","_monsterinsights_sitenote_category":0},"product_brand":[],"product_cat":[823],"product_tag":[],"brand":[],"target-group":[],"discontinued":[],"class_list":{"0":"post-776177","1":"product","2":"type-product","3":"status-publish","5":"product_cat-bruder","7":"first","8":"instock","9":"taxable","10":"shipping-taxable","11":"product-type-simple"},"aioseo_notices":[],"_links":{"self":[{"href":"https:\/\/games.tactic.net\/sv\/wp-json\/wp\/v2\/product\/776177","targetHints":{"allow":["GET"]}}],"collection":[{"href":"https:\/\/games.tactic.net\/sv\/wp-json\/wp\/v2\/product"}],"about":[{"href":"https:\/\/games.tactic.net\/sv\/wp-json\/wp\/v2\/types\/product"}],"wp:attachment":[{"href":"https:\/\/games.tactic.net\/sv\/wp-json\/wp\/v2\/media?parent=776177"}],"wp:term":[{"taxonomy":"product_brand","embeddable":true,"href":"https:\/\/games.tactic.net\/sv\/wp-json\/wp\/v2\/product_brand?post=776177"},{"taxonomy":"product_cat","embeddable":true,"href":"https:\/\/games.tactic.net\/sv\/wp-json\/wp\/v2\/product_cat?post=776177"},{"taxonomy":"product_tag","embeddable":true,"href":"https:\/\/games.tactic.net\/sv\/wp-json\/wp\/v2\/product_tag?post=776177"},{"taxonomy":"brand","embeddable":true,"href":"https:\/\/games.tactic.net\/sv\/wp-json\/wp\/v2\/brand?post=776177"},{"taxonomy":"target-group","embeddable":true,"href":"https:\/\/games.tactic.net\/sv\/wp-json\/wp\/v2\/target-group?post=776177"},{"taxonomy":"discontinued","embeddable":true,"href":"https:\/\/games.tactic.net\/sv\/wp-json\/wp\/v2\/discontinued?post=776177"}],"curies":[{"name":"wp","href":"https:\/\/api.w.org\/{rel}","templated":true}]}}