{"id":774471,"date":"2023-08-11T09:57:26","date_gmt":"2023-08-11T06:57:26","guid":{"rendered":"https:\/\/games.tactic.net\/tuote\/mother-earth\/"},"modified":"2025-03-10T13:45:08","modified_gmt":"2025-03-10T11:45:08","slug":"mother-earth","status":"archive","type":"product","link":"https:\/\/games.tactic.net\/sv\/tuote\/mother-earth\/","title":{"rendered":"Tactic V\u00e5r Planet"},"content":{"rendered":"<p>Hur mycket vet du om v\u00e5r planet? Testa dina kunskaper om planeten jorden och l\u00e4r dig mer om vad du kan g\u00f6ra f\u00f6r den i detta fr\u00e5gespel f\u00f6r hela v\u00e4rlden. Ta reda p\u00e5 vad du kan g\u00f6ra f\u00f6r att ta hand om v\u00e5r hemplanet och alla underverk som finns d\u00e4r. \u2013 Kunskapsspel fullt med fascinerande och aktuellt inneh\u00e5ll. \u2013 L\u00e4r dig mer om vad du kan g\u00f6ra f\u00f6r v\u00e5r planet!<\/p>\n","protected":false},"excerpt":{"rendered":"<p>Hur mycket vet du om v\u00e5r planet? Testa dina kunskaper om planeten jorden och l\u00e4r dig mer om vad du kan g\u00f6ra f\u00f6r den i detta fr\u00e5gespel f\u00f6r hela v\u00e4rlden. Ta reda p\u00e5 vad du kan g\u00f6ra f\u00f6r att ta hand om v\u00e5r hemplanet och alla underverk som finns d\u00e4r. \u2013 Kunskapsspel fullt med fascinerande och aktuellt inneh\u00e5ll. \u2013 L\u00e4r dig mer om vad du kan g\u00f6ra f\u00f6r v\u00e5r planet!<\/p>\n","protected":false},"featured_media":0,"template":"","meta":{"content-type":"","_monsterinsights_skip_tracking":false,"_monsterinsights_sitenote_active":false,"_monsterinsights_sitenote_note":"","_monsterinsights_sitenote_category":0},"product_brand":[],"product_cat":[1524],"product_tag":[849,1254,845],"brand":[],"target-group":[],"discontinued":[],"class_list":{"0":"post-774471","1":"product","2":"type-product","3":"status-archive","5":"product_cat-fragespel-familjespel","6":"product_tag-kunskap","7":"product_tag-pedagogisk-sv","8":"product_tag-tillsammans","10":"first","11":"outofstock","12":"taxable","13":"shipping-taxable","14":"product-type-simple"},"aioseo_notices":[],"_links":{"self":[{"href":"https:\/\/games.tactic.net\/sv\/wp-json\/wp\/v2\/product\/774471","targetHints":{"allow":["GET"]}}],"collection":[{"href":"https:\/\/games.tactic.net\/sv\/wp-json\/wp\/v2\/product"}],"about":[{"href":"https:\/\/games.tactic.net\/sv\/wp-json\/wp\/v2\/types\/product"}],"wp:attachment":[{"href":"https:\/\/games.tactic.net\/sv\/wp-json\/wp\/v2\/media?parent=774471"}],"wp:term":[{"taxonomy":"product_brand","embeddable":true,"href":"https:\/\/games.tactic.net\/sv\/wp-json\/wp\/v2\/product_brand?post=774471"},{"taxonomy":"product_cat","embeddable":true,"href":"https:\/\/games.tactic.net\/sv\/wp-json\/wp\/v2\/product_cat?post=774471"},{"taxonomy":"product_tag","embeddable":true,"href":"https:\/\/games.tactic.net\/sv\/wp-json\/wp\/v2\/product_tag?post=774471"},{"taxonomy":"brand","embeddable":true,"href":"https:\/\/games.tactic.net\/sv\/wp-json\/wp\/v2\/brand?post=774471"},{"taxonomy":"target-group","embeddable":true,"href":"https:\/\/games.tactic.net\/sv\/wp-json\/wp\/v2\/target-group?post=774471"},{"taxonomy":"discontinued","embeddable":true,"href":"https:\/\/games.tactic.net\/sv\/wp-json\/wp\/v2\/discontinued?post=774471"}],"curies":[{"name":"wp","href":"https:\/\/api.w.org\/{rel}","templated":true}]}}