{"id":774456,"date":"2023-08-11T09:49:33","date_gmt":"2023-08-11T06:49:33","guid":{"rendered":"https:\/\/games.tactic.net\/tuote\/alla-mot-spelet-alias\/"},"modified":"2023-10-25T08:31:00","modified_gmt":"2023-10-25T05:31:00","slug":"alla-mot-spelet-alias","status":"publish","type":"product","link":"https:\/\/games.tactic.net\/sv\/tuote\/alla-mot-spelet-alias\/","title":{"rendered":"Alla mot spelet &#8211; Alias"},"content":{"rendered":"<p>Kan du hitta kopplingen? Det finns en gemensam n\u00e4mnare bland orden p\u00e5 varje kort. F\u00f6rklara orden och r\u00e4kna tillsammans ut vad de har gemensamt. Klockan slutar aldrig g\u00e5, s\u00e5 g\u00f6r dig redo f\u00f6r en hektisk kappl\u00f6pning mot tiden! Ett Alias med samarbete och en helt ny utmaning! L\u00f6s den mystiska kopplingen p\u00e5 varje kort.<\/p>\n","protected":false},"excerpt":{"rendered":"<p>Kan du hitta kopplingen? Det finns en gemensam n\u00e4mnare bland orden p\u00e5 varje kort. F\u00f6rklara orden och r\u00e4kna tillsammans ut vad de har gemensamt. Klockan slutar aldrig g\u00e5, s\u00e5 g\u00f6r dig redo f\u00f6r en hektisk kappl\u00f6pning mot tiden! Ett Alias med samarbete och en helt ny utmaning! L\u00f6s den mystiska kopplingen p\u00e5 varje kort.<\/p>\n","protected":false},"featured_media":0,"template":"","meta":{"content-type":"","_monsterinsights_skip_tracking":false,"_monsterinsights_sitenote_active":false,"_monsterinsights_sitenote_note":"","_monsterinsights_sitenote_category":0},"product_brand":[],"product_cat":[365],"product_tag":[959],"brand":[{"id":599,"name":"Alias","slug":"alias_se"}],"target-group":[],"discontinued":[],"class_list":{"0":"post-774456","1":"product","2":"type-product","3":"status-publish","5":"product_cat-familjespel","6":"product_tag-ordforklaring","7":"brand-alias_se","9":"first","10":"instock","11":"taxable","12":"shipping-taxable","13":"product-type-simple"},"aioseo_notices":[],"_links":{"self":[{"href":"https:\/\/games.tactic.net\/sv\/wp-json\/wp\/v2\/product\/774456","targetHints":{"allow":["GET"]}}],"collection":[{"href":"https:\/\/games.tactic.net\/sv\/wp-json\/wp\/v2\/product"}],"about":[{"href":"https:\/\/games.tactic.net\/sv\/wp-json\/wp\/v2\/types\/product"}],"wp:attachment":[{"href":"https:\/\/games.tactic.net\/sv\/wp-json\/wp\/v2\/media?parent=774456"}],"wp:term":[{"taxonomy":"product_brand","embeddable":true,"href":"https:\/\/games.tactic.net\/sv\/wp-json\/wp\/v2\/product_brand?post=774456"},{"taxonomy":"product_cat","embeddable":true,"href":"https:\/\/games.tactic.net\/sv\/wp-json\/wp\/v2\/product_cat?post=774456"},{"taxonomy":"product_tag","embeddable":true,"href":"https:\/\/games.tactic.net\/sv\/wp-json\/wp\/v2\/product_tag?post=774456"},{"taxonomy":"brand","embeddable":true,"href":"https:\/\/games.tactic.net\/sv\/wp-json\/wp\/v2\/brand?post=774456"},{"taxonomy":"target-group","embeddable":true,"href":"https:\/\/games.tactic.net\/sv\/wp-json\/wp\/v2\/target-group?post=774456"},{"taxonomy":"discontinued","embeddable":true,"href":"https:\/\/games.tactic.net\/sv\/wp-json\/wp\/v2\/discontinued?post=774456"}],"curies":[{"name":"wp","href":"https:\/\/api.w.org\/{rel}","templated":true}]}}