{"id":772010,"date":"2023-07-28T14:28:53","date_gmt":"2023-07-28T11:28:53","guid":{"rendered":"https:\/\/games.tactic.net\/tuote\/lar-dig-klockan\/"},"modified":"2023-08-15T12:06:27","modified_gmt":"2023-08-15T09:06:27","slug":"lar-dig-klockan","status":"publish","type":"product","link":"https:\/\/games.tactic.net\/sv\/tuote\/lar-dig-klockan\/","title":{"rendered":"Tactic L\u00e4r dig Klockan"},"content":{"rendered":"<p>L\u00e4r dig klockan! Hitta r\u00e4tt bilder f\u00f6r ditt br\u00e4de och vrid klockans visare till r\u00e4tt l\u00e4ge f\u00f6r att matcha tiderna p\u00e5 korten! L\u00e4r ut klockslagen med b\u00e5de analoga och digitala klockor. Klocka med r\u00f6rliga visare ing\u00e5r!<\/p>\n","protected":false},"excerpt":{"rendered":"<p>L\u00e4r dig klockan! Hitta r\u00e4tt bilder f\u00f6r ditt br\u00e4de och vrid klockans visare till r\u00e4tt l\u00e4ge f\u00f6r att matcha tiderna p\u00e5 korten! L\u00e4r ut klockslagen med b\u00e5de analoga och digitala klockor. Klocka med r\u00f6rliga visare ing\u00e5r!<\/p>\n","protected":false},"featured_media":0,"template":"","meta":{"content-type":"","_monsterinsights_skip_tracking":false,"_monsterinsights_sitenote_active":false,"_monsterinsights_sitenote_note":"","_monsterinsights_sitenote_category":0},"product_brand":[],"product_cat":[1519],"product_tag":[],"brand":[{"id":864,"name":"Let's Learn","slug":"letslearn-sv"}],"target-group":[],"discontinued":[],"class_list":{"0":"post-772010","1":"product","2":"type-product","3":"status-publish","5":"product_cat-lar-spel-barnspel","6":"brand-letslearn-sv","8":"first","9":"instock","10":"taxable","11":"shipping-taxable","12":"product-type-simple"},"aioseo_notices":[],"_links":{"self":[{"href":"https:\/\/games.tactic.net\/sv\/wp-json\/wp\/v2\/product\/772010","targetHints":{"allow":["GET"]}}],"collection":[{"href":"https:\/\/games.tactic.net\/sv\/wp-json\/wp\/v2\/product"}],"about":[{"href":"https:\/\/games.tactic.net\/sv\/wp-json\/wp\/v2\/types\/product"}],"wp:attachment":[{"href":"https:\/\/games.tactic.net\/sv\/wp-json\/wp\/v2\/media?parent=772010"}],"wp:term":[{"taxonomy":"product_brand","embeddable":true,"href":"https:\/\/games.tactic.net\/sv\/wp-json\/wp\/v2\/product_brand?post=772010"},{"taxonomy":"product_cat","embeddable":true,"href":"https:\/\/games.tactic.net\/sv\/wp-json\/wp\/v2\/product_cat?post=772010"},{"taxonomy":"product_tag","embeddable":true,"href":"https:\/\/games.tactic.net\/sv\/wp-json\/wp\/v2\/product_tag?post=772010"},{"taxonomy":"brand","embeddable":true,"href":"https:\/\/games.tactic.net\/sv\/wp-json\/wp\/v2\/brand?post=772010"},{"taxonomy":"target-group","embeddable":true,"href":"https:\/\/games.tactic.net\/sv\/wp-json\/wp\/v2\/target-group?post=772010"},{"taxonomy":"discontinued","embeddable":true,"href":"https:\/\/games.tactic.net\/sv\/wp-json\/wp\/v2\/discontinued?post=772010"}],"curies":[{"name":"wp","href":"https:\/\/api.w.org\/{rel}","templated":true}]}}