{"id":76286,"date":"2021-03-30T13:16:20","date_gmt":"2021-03-30T10:16:20","guid":{"rendered":"https:\/\/dev.tactic.net\/tuote\/beer-pong\/"},"modified":"2023-06-26T09:16:45","modified_gmt":"2023-06-26T06:16:45","slug":"beer-pong","status":"archive","type":"product","link":"https:\/\/games.tactic.net\/sv\/tuote\/beer-pong\/","title":{"rendered":"Beer Pong"},"content":{"rendered":"<p>Detta \u00e4r ett spel som bjuder p\u00e5 garanterad underh\u00e5llning och m\u00e5nga skratt. Beer Pong \u00e4r en enkel och rolig aktivitet f\u00f6r vilken grillfest, picknick eller studentskiva som helst! St\u00e4ll bara i ordning kopparna, h\u00e4ll upp drickat och sikta!<\/p>\n","protected":false},"excerpt":{"rendered":"<p style=\"margin-bottom: 0px;font-size: 8.5px;line-height: normal;font-family: Helvetica\"><span style=\"font-size: 14px\">Detta \u00e4r ett spel som bjuder p\u00e5 garanterad<\/span><span style=\"font-size: 14px\">underh\u00e5llning och m\u00e5nga skratt. Beer Pong \u00e4r en<\/span><span style=\"font-size: 14px\">enkel och rolig aktivitet f\u00f6r vilken grillfest, picknick<\/span><span style=\"font-size: 14px\">eller studentskiva som helst! St\u00e4ll bara i ordning<\/span><span style=\"font-size: 14px\">kopparna, h\u00e4ll upp drickat och sikta!<\/span><\/p>\n","protected":false},"featured_media":0,"template":"","meta":{"content-type":"","_monsterinsights_skip_tracking":false,"_monsterinsights_sitenote_active":false,"_monsterinsights_sitenote_note":"","_monsterinsights_sitenote_category":0},"product_brand":[],"product_cat":[1541],"product_tag":[1220,1249,932],"brand":[],"target-group":[],"discontinued":[],"class_list":{"0":"post-76286","1":"product","2":"type-product","3":"status-archive","5":"product_cat-party-spel-vuxenspel","6":"product_tag-aktion-sv","7":"product_tag-skicklighet-sv","8":"product_tag-tidsfordriv","10":"first","11":"outofstock","12":"taxable","13":"shipping-taxable","14":"product-type-simple"},"aioseo_notices":[],"_links":{"self":[{"href":"https:\/\/games.tactic.net\/sv\/wp-json\/wp\/v2\/product\/76286","targetHints":{"allow":["GET"]}}],"collection":[{"href":"https:\/\/games.tactic.net\/sv\/wp-json\/wp\/v2\/product"}],"about":[{"href":"https:\/\/games.tactic.net\/sv\/wp-json\/wp\/v2\/types\/product"}],"wp:attachment":[{"href":"https:\/\/games.tactic.net\/sv\/wp-json\/wp\/v2\/media?parent=76286"}],"wp:term":[{"taxonomy":"product_brand","embeddable":true,"href":"https:\/\/games.tactic.net\/sv\/wp-json\/wp\/v2\/product_brand?post=76286"},{"taxonomy":"product_cat","embeddable":true,"href":"https:\/\/games.tactic.net\/sv\/wp-json\/wp\/v2\/product_cat?post=76286"},{"taxonomy":"product_tag","embeddable":true,"href":"https:\/\/games.tactic.net\/sv\/wp-json\/wp\/v2\/product_tag?post=76286"},{"taxonomy":"brand","embeddable":true,"href":"https:\/\/games.tactic.net\/sv\/wp-json\/wp\/v2\/brand?post=76286"},{"taxonomy":"target-group","embeddable":true,"href":"https:\/\/games.tactic.net\/sv\/wp-json\/wp\/v2\/target-group?post=76286"},{"taxonomy":"discontinued","embeddable":true,"href":"https:\/\/games.tactic.net\/sv\/wp-json\/wp\/v2\/discontinued?post=76286"}],"curies":[{"name":"wp","href":"https:\/\/api.w.org\/{rel}","templated":true}]}}