{"id":76256,"date":"2021-03-30T13:13:06","date_gmt":"2021-03-30T10:13:06","guid":{"rendered":"https:\/\/dev.tactic.net\/tuote\/football-croquet\/"},"modified":"2025-04-17T11:19:24","modified_gmt":"2025-04-17T08:19:24","slug":"football-croquet","status":"archive","type":"product","link":"https:\/\/games.tactic.net\/sv\/tuote\/football-croquet\/","title":{"rendered":"Tactic Active Play Football Croquet"},"content":{"rendered":"<p>Det klassiska krocketspelet har verkligen blivit uppdaterat h\u00e4r i en snabbare variant \u2013 och resultatet \u00e4r fotbollskrocket! F\u00f6rs\u00f6k att f\u00e5 din boll genom b\u00e5garna f\u00f6rst och se upp f\u00f6r de andra spelarnas passningar.<\/p>\n","protected":false},"excerpt":{"rendered":"<p>Det klassiska krocketspelet har verkligen blivit uppdaterat h\u00e4r i en snabbare variant \u2013 och resultatet \u00e4r fotbollskrocket! F\u00f6rs\u00f6k att f\u00e5 din boll genom b\u00e5garna f\u00f6rst och se upp f\u00f6r de andra spelarnas passningar.<\/p>\n","protected":false},"featured_media":0,"template":"","meta":{"content-type":"","_monsterinsights_skip_tracking":false,"_monsterinsights_sitenote_active":false,"_monsterinsights_sitenote_note":"","_monsterinsights_sitenote_category":0},"product_brand":[],"product_cat":[1543,1576],"product_tag":[1220,1249],"brand":[],"target-group":[],"discontinued":[],"class_list":{"0":"post-76256","1":"product","2":"type-product","3":"status-archive","5":"product_cat-active-play-utomhus-spel","6":"product_cat-active-play-barnspel","7":"product_tag-aktion-sv","8":"product_tag-skicklighet-sv","10":"first","11":"outofstock","12":"taxable","13":"shipping-taxable","14":"product-type-simple"},"aioseo_notices":[],"_links":{"self":[{"href":"https:\/\/games.tactic.net\/sv\/wp-json\/wp\/v2\/product\/76256","targetHints":{"allow":["GET"]}}],"collection":[{"href":"https:\/\/games.tactic.net\/sv\/wp-json\/wp\/v2\/product"}],"about":[{"href":"https:\/\/games.tactic.net\/sv\/wp-json\/wp\/v2\/types\/product"}],"wp:attachment":[{"href":"https:\/\/games.tactic.net\/sv\/wp-json\/wp\/v2\/media?parent=76256"}],"wp:term":[{"taxonomy":"product_brand","embeddable":true,"href":"https:\/\/games.tactic.net\/sv\/wp-json\/wp\/v2\/product_brand?post=76256"},{"taxonomy":"product_cat","embeddable":true,"href":"https:\/\/games.tactic.net\/sv\/wp-json\/wp\/v2\/product_cat?post=76256"},{"taxonomy":"product_tag","embeddable":true,"href":"https:\/\/games.tactic.net\/sv\/wp-json\/wp\/v2\/product_tag?post=76256"},{"taxonomy":"brand","embeddable":true,"href":"https:\/\/games.tactic.net\/sv\/wp-json\/wp\/v2\/brand?post=76256"},{"taxonomy":"target-group","embeddable":true,"href":"https:\/\/games.tactic.net\/sv\/wp-json\/wp\/v2\/target-group?post=76256"},{"taxonomy":"discontinued","embeddable":true,"href":"https:\/\/games.tactic.net\/sv\/wp-json\/wp\/v2\/discontinued?post=76256"}],"curies":[{"name":"wp","href":"https:\/\/api.w.org\/{rel}","templated":true}]}}