{"id":76198,"date":"2021-03-30T13:10:16","date_gmt":"2021-03-30T10:10:16","guid":{"rendered":"https:\/\/dev.tactic.net\/tuote\/zlamball\/"},"modified":"2023-10-17T19:39:51","modified_gmt":"2023-10-17T16:39:51","slug":"zlamball","status":"publish","type":"product","link":"https:\/\/games.tactic.net\/sv\/tuote\/zlamball\/","title":{"rendered":"Tactic Active Play Zlamball"},"content":{"rendered":"<p>Detta \u00e4r v\u00e5rens roligaste spel och spelas med en boll, en trampolin och rej\u00e4lt med energi! I Zlamball ska bollen skickas mellan par, men den m\u00e5ste ocks\u00e5 \u00e5terv\u00e4nda till trampolinen \u2013 annars g\u00e5r po\u00e4ngen till det motsatta laget!<\/p>\n","protected":false},"excerpt":{"rendered":"<p>Detta \u00e4r v\u00e5rens roligaste spel och spelas med en boll, en trampolin och rej\u00e4lt med energi! I Zlamball ska bollen skickas mellan par, men den m\u00e5ste ocks\u00e5 \u00e5terv\u00e4nda till trampolinen \u2013 annars g\u00e5r po\u00e4ngen till det motsatta laget!<\/p>\n","protected":false},"featured_media":0,"template":"","meta":{"content-type":"","_monsterinsights_skip_tracking":false,"_monsterinsights_sitenote_active":false,"_monsterinsights_sitenote_note":"","_monsterinsights_sitenote_category":0},"product_brand":[],"product_cat":[1543],"product_tag":[1220,1249],"brand":[],"target-group":[],"discontinued":[],"class_list":{"0":"post-76198","1":"product","2":"type-product","3":"status-publish","5":"product_cat-active-play-utomhus-spel","6":"product_tag-aktion-sv","7":"product_tag-skicklighet-sv","9":"first","10":"instock","11":"taxable","12":"shipping-taxable","13":"product-type-simple"},"aioseo_notices":[],"_links":{"self":[{"href":"https:\/\/games.tactic.net\/sv\/wp-json\/wp\/v2\/product\/76198","targetHints":{"allow":["GET"]}}],"collection":[{"href":"https:\/\/games.tactic.net\/sv\/wp-json\/wp\/v2\/product"}],"about":[{"href":"https:\/\/games.tactic.net\/sv\/wp-json\/wp\/v2\/types\/product"}],"wp:attachment":[{"href":"https:\/\/games.tactic.net\/sv\/wp-json\/wp\/v2\/media?parent=76198"}],"wp:term":[{"taxonomy":"product_brand","embeddable":true,"href":"https:\/\/games.tactic.net\/sv\/wp-json\/wp\/v2\/product_brand?post=76198"},{"taxonomy":"product_cat","embeddable":true,"href":"https:\/\/games.tactic.net\/sv\/wp-json\/wp\/v2\/product_cat?post=76198"},{"taxonomy":"product_tag","embeddable":true,"href":"https:\/\/games.tactic.net\/sv\/wp-json\/wp\/v2\/product_tag?post=76198"},{"taxonomy":"brand","embeddable":true,"href":"https:\/\/games.tactic.net\/sv\/wp-json\/wp\/v2\/brand?post=76198"},{"taxonomy":"target-group","embeddable":true,"href":"https:\/\/games.tactic.net\/sv\/wp-json\/wp\/v2\/target-group?post=76198"},{"taxonomy":"discontinued","embeddable":true,"href":"https:\/\/games.tactic.net\/sv\/wp-json\/wp\/v2\/discontinued?post=76198"}],"curies":[{"name":"wp","href":"https:\/\/api.w.org\/{rel}","templated":true}]}}