{"id":76182,"date":"2021-03-30T13:08:08","date_gmt":"2021-03-30T10:08:08","guid":{"rendered":"https:\/\/dev.tactic.net\/tuote\/kendama\/"},"modified":"2023-09-27T20:43:21","modified_gmt":"2023-09-27T17:43:21","slug":"kendama","status":"publish","type":"product","link":"https:\/\/games.tactic.net\/sv\/tuote\/kendama\/","title":{"rendered":"Tactic Active Play Kendama"},"content":{"rendered":"<p>Har du provat Kendama? Spelet har sitt ursprung i Japan och st\u00e4ller h\u00f6ga krav p\u00e5 \u00f6ga-handkoordination. Det \u00e4r en riktig utmaning att l\u00e4ra sig en massa nya trick. L\u00e4r dig n\u00e5gra stycken och imponera p\u00e5 dina v\u00e4nner!<\/p>\n","protected":false},"excerpt":{"rendered":"<p>Har du provat Kendama? Spelet har sitt ursprung i Japan och st\u00e4ller h\u00f6ga krav p\u00e5 \u00f6ga-handkoordination. Det \u00e4r en riktig utmaning att l\u00e4ra sig en massa nya trick. L\u00e4r dig n\u00e5gra stycken och imponera p\u00e5 dina v\u00e4nner!<\/p>\n","protected":false},"featured_media":0,"template":"","meta":{"content-type":"","_monsterinsights_skip_tracking":false,"_monsterinsights_sitenote_active":false,"_monsterinsights_sitenote_note":"","_monsterinsights_sitenote_category":0},"product_brand":[],"product_cat":[1543,1576],"product_tag":[304,381,932],"brand":[],"target-group":[],"discontinued":[],"class_list":{"0":"post-76182","1":"product","2":"type-product","3":"status-publish","5":"product_cat-active-play-utomhus-spel","6":"product_cat-active-play-barnspel","7":"product_tag-aktion","8":"product_tag-skicklighet","9":"product_tag-tidsfordriv","11":"first","12":"instock","13":"taxable","14":"shipping-taxable","15":"product-type-simple"},"aioseo_notices":[],"_links":{"self":[{"href":"https:\/\/games.tactic.net\/sv\/wp-json\/wp\/v2\/product\/76182","targetHints":{"allow":["GET"]}}],"collection":[{"href":"https:\/\/games.tactic.net\/sv\/wp-json\/wp\/v2\/product"}],"about":[{"href":"https:\/\/games.tactic.net\/sv\/wp-json\/wp\/v2\/types\/product"}],"wp:attachment":[{"href":"https:\/\/games.tactic.net\/sv\/wp-json\/wp\/v2\/media?parent=76182"}],"wp:term":[{"taxonomy":"product_brand","embeddable":true,"href":"https:\/\/games.tactic.net\/sv\/wp-json\/wp\/v2\/product_brand?post=76182"},{"taxonomy":"product_cat","embeddable":true,"href":"https:\/\/games.tactic.net\/sv\/wp-json\/wp\/v2\/product_cat?post=76182"},{"taxonomy":"product_tag","embeddable":true,"href":"https:\/\/games.tactic.net\/sv\/wp-json\/wp\/v2\/product_tag?post=76182"},{"taxonomy":"brand","embeddable":true,"href":"https:\/\/games.tactic.net\/sv\/wp-json\/wp\/v2\/brand?post=76182"},{"taxonomy":"target-group","embeddable":true,"href":"https:\/\/games.tactic.net\/sv\/wp-json\/wp\/v2\/target-group?post=76182"},{"taxonomy":"discontinued","embeddable":true,"href":"https:\/\/games.tactic.net\/sv\/wp-json\/wp\/v2\/discontinued?post=76182"}],"curies":[{"name":"wp","href":"https:\/\/api.w.org\/{rel}","templated":true}]}}