{"id":76153,"date":"2021-03-30T13:02:57","date_gmt":"2021-03-30T10:02:57","guid":{"rendered":"https:\/\/dev.tactic.net\/tuote\/soft-quiots-game\/"},"modified":"2024-06-17T10:48:32","modified_gmt":"2024-06-17T07:48:32","slug":"soft-quiots-game","status":"archive","type":"product","link":"https:\/\/games.tactic.net\/sv\/tuote\/soft-quiots-game\/","title":{"rendered":"Tactic Active Play Soft Quoits Game"},"content":{"rendered":"<p>Kasta ringarna p\u00e5 piggarna, men sikta noga! Detta enkla spel \u00e4r l\u00e4tt f\u00f6r personer i alla \u00e5ldrar att l\u00e4ra sig, och de mjuka materialen g\u00f6r det roligt och s\u00e4kert att spela.<\/p>\n","protected":false},"excerpt":{"rendered":"<p>Kasta ringarna p\u00e5 piggarna, men sikta noga! Detta enkla spel \u00e4r l\u00e4tt f\u00f6r personer i alla \u00e5ldrar att l\u00e4ra sig, och de mjuka materialen g\u00f6r det roligt och s\u00e4kert att spela.<\/p>\n","protected":false},"featured_media":0,"template":"","meta":{"content-type":"","_monsterinsights_skip_tracking":false,"_monsterinsights_sitenote_active":false,"_monsterinsights_sitenote_note":"","_monsterinsights_sitenote_category":0},"product_brand":[],"product_cat":[1543,1547],"product_tag":[1220,1249],"brand":[],"target-group":[],"discontinued":[],"class_list":{"0":"post-76153","1":"product","2":"type-product","3":"status-archive","5":"product_cat-active-play-utomhus-spel","6":"product_cat-soft-active-play-barnspel","7":"product_tag-aktion-sv","8":"product_tag-skicklighet-sv","10":"first","11":"outofstock","12":"taxable","13":"shipping-taxable","14":"product-type-simple"},"aioseo_notices":[],"_links":{"self":[{"href":"https:\/\/games.tactic.net\/sv\/wp-json\/wp\/v2\/product\/76153","targetHints":{"allow":["GET"]}}],"collection":[{"href":"https:\/\/games.tactic.net\/sv\/wp-json\/wp\/v2\/product"}],"about":[{"href":"https:\/\/games.tactic.net\/sv\/wp-json\/wp\/v2\/types\/product"}],"wp:attachment":[{"href":"https:\/\/games.tactic.net\/sv\/wp-json\/wp\/v2\/media?parent=76153"}],"wp:term":[{"taxonomy":"product_brand","embeddable":true,"href":"https:\/\/games.tactic.net\/sv\/wp-json\/wp\/v2\/product_brand?post=76153"},{"taxonomy":"product_cat","embeddable":true,"href":"https:\/\/games.tactic.net\/sv\/wp-json\/wp\/v2\/product_cat?post=76153"},{"taxonomy":"product_tag","embeddable":true,"href":"https:\/\/games.tactic.net\/sv\/wp-json\/wp\/v2\/product_tag?post=76153"},{"taxonomy":"brand","embeddable":true,"href":"https:\/\/games.tactic.net\/sv\/wp-json\/wp\/v2\/brand?post=76153"},{"taxonomy":"target-group","embeddable":true,"href":"https:\/\/games.tactic.net\/sv\/wp-json\/wp\/v2\/target-group?post=76153"},{"taxonomy":"discontinued","embeddable":true,"href":"https:\/\/games.tactic.net\/sv\/wp-json\/wp\/v2\/discontinued?post=76153"}],"curies":[{"name":"wp","href":"https:\/\/api.w.org\/{rel}","templated":true}]}}