{"id":76151,"date":"2021-03-30T12:56:45","date_gmt":"2021-03-30T09:56:45","guid":{"rendered":"https:\/\/dev.tactic.net\/tuote\/soft-bowling-game\/"},"modified":"2023-04-17T09:49:34","modified_gmt":"2023-04-17T06:49:34","slug":"soft-bowling-game","status":"archive","type":"product","link":"https:\/\/games.tactic.net\/sv\/tuote\/soft-bowling-game\/","title":{"rendered":"Active Play Soft Bowling Game"},"content":{"rendered":"<p>Kan du tr\u00e4ffa m\u00e5let eller rullar bollen alltid \u00e5t fel h\u00e5ll? St\u00e4ll upp de mjuka k\u00e4glorna och f\u00f6rs\u00f6k att tr\u00e4ffa dem med bollen. Detta mjuka bowlingset \u00e4r ett superbra s\u00e4tt att f\u00e5 barnen att b\u00f6rja r\u00f6ra p\u00e5 sig!<\/p>\n","protected":false},"excerpt":{"rendered":"<p style=\"margin-bottom: 0px;font-size: 8.5px;line-height: normal;font-family: Helvetica\"><span style=\"font-size: 14px\">Kan du tr\u00e4ffa m\u00e5let eller rullar bollen alltid \u00e5t fel h\u00e5ll? St\u00e4ll upp de mjuka k\u00e4glorna och f\u00f6rs\u00f6k att tr\u00e4ffa dem med bollen. Detta mjuka bowlingset \u00e4r ett<\/span><span style=\"font-size: 14px\">superbra s\u00e4tt att f\u00e5 barnen att b\u00f6rja r\u00f6ra p\u00e5 sig!<\/span><\/p>\n","protected":false},"featured_media":0,"template":"","meta":{"content-type":"","_monsterinsights_skip_tracking":false,"_monsterinsights_sitenote_active":false,"_monsterinsights_sitenote_note":"","_monsterinsights_sitenote_category":0},"product_brand":[],"product_cat":[1547,1546],"product_tag":[304,381],"brand":[],"target-group":[],"discontinued":[],"class_list":{"0":"post-76151","1":"product","2":"type-product","3":"status-archive","5":"product_cat-soft-active-play-barnspel","6":"product_cat-soft-active-play-utomhus-spel","7":"product_tag-aktion","8":"product_tag-skicklighet","10":"first","11":"outofstock","12":"taxable","13":"shipping-taxable","14":"product-type-simple"},"aioseo_notices":[],"_links":{"self":[{"href":"https:\/\/games.tactic.net\/sv\/wp-json\/wp\/v2\/product\/76151","targetHints":{"allow":["GET"]}}],"collection":[{"href":"https:\/\/games.tactic.net\/sv\/wp-json\/wp\/v2\/product"}],"about":[{"href":"https:\/\/games.tactic.net\/sv\/wp-json\/wp\/v2\/types\/product"}],"wp:attachment":[{"href":"https:\/\/games.tactic.net\/sv\/wp-json\/wp\/v2\/media?parent=76151"}],"wp:term":[{"taxonomy":"product_brand","embeddable":true,"href":"https:\/\/games.tactic.net\/sv\/wp-json\/wp\/v2\/product_brand?post=76151"},{"taxonomy":"product_cat","embeddable":true,"href":"https:\/\/games.tactic.net\/sv\/wp-json\/wp\/v2\/product_cat?post=76151"},{"taxonomy":"product_tag","embeddable":true,"href":"https:\/\/games.tactic.net\/sv\/wp-json\/wp\/v2\/product_tag?post=76151"},{"taxonomy":"brand","embeddable":true,"href":"https:\/\/games.tactic.net\/sv\/wp-json\/wp\/v2\/brand?post=76151"},{"taxonomy":"target-group","embeddable":true,"href":"https:\/\/games.tactic.net\/sv\/wp-json\/wp\/v2\/target-group?post=76151"},{"taxonomy":"discontinued","embeddable":true,"href":"https:\/\/games.tactic.net\/sv\/wp-json\/wp\/v2\/discontinued?post=76151"}],"curies":[{"name":"wp","href":"https:\/\/api.w.org\/{rel}","templated":true}]}}