{"id":761375,"date":"2023-07-19T12:52:11","date_gmt":"2023-07-19T09:52:11","guid":{"rendered":"https:\/\/games.tactic.net\/tuote\/man-tgs-tipper-truck\/"},"modified":"2023-10-20T16:42:12","modified_gmt":"2023-10-20T13:42:12","slug":"man-tgs-tipper-truck","status":"publish","type":"product","link":"https:\/\/games.tactic.net\/sv\/tuote\/man-tgs-tipper-truck\/","title":{"rendered":"Bruder MAN TGS Tippbil leksak"},"content":{"rendered":"<p>MAN TGS \u00e4r den perfekta allround-lastbilen f\u00f6r byggarbetsplatser, l\u00e5ngtransporter och distribution. Med h\u00e5llbar design, kraftfulla motorer och h\u00f6g lastkapacitet \u00e4r den full av innovationer. Den tv\u00e5f\u00e4rgade hytten har \u00f6ppningsbara d\u00f6rrar f\u00f6r bworld-figurer. Den stora tippflaket har en baklucka som \u00f6ppnas automatiskt n\u00e4r lasten tippas. MAN tippbil \u00e4r utrustad med fyra axlar och rej\u00e4la m\u00f6nstrade d\u00e4ck f\u00f6r tuff anv\u00e4ndning. Passar s\u00e4rskilt bra ihop med BRUDER:s Cat\u00ae mobilgr\u00e4vmaskin (art.nr. 02445) och JCB 5CX traktorgr\u00e4vare (art.nr. 02454).<\/p>\n","protected":false},"excerpt":{"rendered":"<p>MAN TGS \u2013 den perfekta allround-lastbilen f\u00f6r bygg, l\u00e5ngk\u00f6rning och distribution. Robust, kraftfull och med h\u00f6g lastkapacitet.<\/p>\n","protected":false},"featured_media":0,"template":"","meta":{"content-type":"","_monsterinsights_skip_tracking":false,"_monsterinsights_sitenote_active":false,"_monsterinsights_sitenote_note":"","_monsterinsights_sitenote_category":0},"product_brand":[],"product_cat":[823],"product_tag":[],"brand":[],"target-group":[],"discontinued":[],"class_list":{"0":"post-761375","1":"product","2":"type-product","3":"status-publish","5":"product_cat-bruder","7":"first","8":"instock","9":"taxable","10":"shipping-taxable","11":"product-type-simple"},"aioseo_notices":[],"_links":{"self":[{"href":"https:\/\/games.tactic.net\/sv\/wp-json\/wp\/v2\/product\/761375","targetHints":{"allow":["GET"]}}],"collection":[{"href":"https:\/\/games.tactic.net\/sv\/wp-json\/wp\/v2\/product"}],"about":[{"href":"https:\/\/games.tactic.net\/sv\/wp-json\/wp\/v2\/types\/product"}],"wp:attachment":[{"href":"https:\/\/games.tactic.net\/sv\/wp-json\/wp\/v2\/media?parent=761375"}],"wp:term":[{"taxonomy":"product_brand","embeddable":true,"href":"https:\/\/games.tactic.net\/sv\/wp-json\/wp\/v2\/product_brand?post=761375"},{"taxonomy":"product_cat","embeddable":true,"href":"https:\/\/games.tactic.net\/sv\/wp-json\/wp\/v2\/product_cat?post=761375"},{"taxonomy":"product_tag","embeddable":true,"href":"https:\/\/games.tactic.net\/sv\/wp-json\/wp\/v2\/product_tag?post=761375"},{"taxonomy":"brand","embeddable":true,"href":"https:\/\/games.tactic.net\/sv\/wp-json\/wp\/v2\/brand?post=761375"},{"taxonomy":"target-group","embeddable":true,"href":"https:\/\/games.tactic.net\/sv\/wp-json\/wp\/v2\/target-group?post=761375"},{"taxonomy":"discontinued","embeddable":true,"href":"https:\/\/games.tactic.net\/sv\/wp-json\/wp\/v2\/discontinued?post=761375"}],"curies":[{"name":"wp","href":"https:\/\/api.w.org\/{rel}","templated":true}]}}