{"id":761373,"date":"2023-07-19T12:50:44","date_gmt":"2023-07-19T09:50:44","guid":{"rendered":"https:\/\/games.tactic.net\/tuote\/bruder-excavator-new\/"},"modified":"2023-10-20T15:28:12","modified_gmt":"2023-10-20T12:28:12","slug":"bruder-excavator-new","status":"publish","type":"product","link":"https:\/\/games.tactic.net\/sv\/tuote\/bruder-excavator-new\/","title":{"rendered":"Bruder ROADMAX Gr\u00e4vmaskin XE 5000"},"content":{"rendered":"<p>BRUDERs gr\u00e4vmaskin \u00e4r en fantastisk leksak f\u00f6r alla som \u00e4lskar byggfordon. Den har en realistisk design med m\u00e5nga detaljer och funktioner. Du kan rotera gr\u00e4vmaskinen 360 grader, h\u00f6ja och s\u00e4nka gr\u00e4vskopan, och styra den med de tv\u00e5 spakarna. Den \u00e4r perfekt f\u00f6r att gr\u00e4va, lasta och transportera material i sandl\u00e5dan eller inomhus i barnrummet. <\/p>\n<p>Gr\u00e4vmaskinen \u00e4r i skala 1:16 och passar bra med andra BRUDER-produkter. Gr\u00e4vmaskinen \u00e4r l\u00e4mplig f\u00f6r barn fr\u00e5n 2 \u00e5r och upp\u00e5t.<\/p>\n","protected":false},"excerpt":{"rendered":"<p>Bruder<\/p>\n","protected":false},"featured_media":0,"template":"","meta":{"content-type":"","_monsterinsights_skip_tracking":false,"_monsterinsights_sitenote_active":false,"_monsterinsights_sitenote_note":"","_monsterinsights_sitenote_category":0},"product_brand":[],"product_cat":[823],"product_tag":[],"brand":[],"target-group":[],"discontinued":[],"class_list":{"0":"post-761373","1":"product","2":"type-product","3":"status-publish","5":"product_cat-bruder","7":"first","8":"instock","9":"taxable","10":"shipping-taxable","11":"product-type-simple"},"aioseo_notices":[],"_links":{"self":[{"href":"https:\/\/games.tactic.net\/sv\/wp-json\/wp\/v2\/product\/761373","targetHints":{"allow":["GET"]}}],"collection":[{"href":"https:\/\/games.tactic.net\/sv\/wp-json\/wp\/v2\/product"}],"about":[{"href":"https:\/\/games.tactic.net\/sv\/wp-json\/wp\/v2\/types\/product"}],"wp:attachment":[{"href":"https:\/\/games.tactic.net\/sv\/wp-json\/wp\/v2\/media?parent=761373"}],"wp:term":[{"taxonomy":"product_brand","embeddable":true,"href":"https:\/\/games.tactic.net\/sv\/wp-json\/wp\/v2\/product_brand?post=761373"},{"taxonomy":"product_cat","embeddable":true,"href":"https:\/\/games.tactic.net\/sv\/wp-json\/wp\/v2\/product_cat?post=761373"},{"taxonomy":"product_tag","embeddable":true,"href":"https:\/\/games.tactic.net\/sv\/wp-json\/wp\/v2\/product_tag?post=761373"},{"taxonomy":"brand","embeddable":true,"href":"https:\/\/games.tactic.net\/sv\/wp-json\/wp\/v2\/brand?post=761373"},{"taxonomy":"target-group","embeddable":true,"href":"https:\/\/games.tactic.net\/sv\/wp-json\/wp\/v2\/target-group?post=761373"},{"taxonomy":"discontinued","embeddable":true,"href":"https:\/\/games.tactic.net\/sv\/wp-json\/wp\/v2\/discontinued?post=761373"}],"curies":[{"name":"wp","href":"https:\/\/api.w.org\/{rel}","templated":true}]}}