{"id":761368,"date":"2023-07-19T12:48:19","date_gmt":"2023-07-19T09:48:19","guid":{"rendered":"https:\/\/games.tactic.net\/tuote\/man-tga-cement-mixer-truck-rapid-mix\/"},"modified":"2023-10-20T16:29:36","modified_gmt":"2023-10-20T13:29:36","slug":"man-tga-cement-mixer-truck-rapid-mix","status":"publish","type":"product","link":"https:\/\/games.tactic.net\/sv\/tuote\/man-tga-cement-mixer-truck-rapid-mix\/","title":{"rendered":"Bruder MAN TGA Betongblandare lastbil leksak"},"content":{"rendered":"<p>Den nya lastbilen med cementblandare baseras p\u00e5 MAN TGA. Hytten kan tippas f\u00f6r att se motorn. Blandartrumman roteras med vev, och t\u00f6ms genom att vrida \u00e5t andra h\u00e5llet. Spiraltransport\u00f6r f\u00f6r lastens fl\u00f6de, tv\u00e5 avtagbara r\u00e4nnor ing\u00e5r. bworld-figurer kan styra fr\u00e5n stegarna. Kombinera med BRUDER:s tipptruckar och gr\u00e4vmaskiner.<\/p>\n","protected":false},"excerpt":{"rendered":"<p>Nya betongbilen bygger p\u00e5 MAN TGA. Hytten kan tippas och visar motorn. Med m\u00e5nga funktioner och detaljer f\u00f6r maximal lekgl\u00e4dje.<\/p>\n","protected":false},"featured_media":0,"template":"","meta":{"content-type":"","_monsterinsights_skip_tracking":false,"_monsterinsights_sitenote_active":false,"_monsterinsights_sitenote_note":"","_monsterinsights_sitenote_category":0},"product_brand":[],"product_cat":[823],"product_tag":[],"brand":[],"target-group":[],"discontinued":[],"class_list":{"0":"post-761368","1":"product","2":"type-product","3":"status-publish","5":"product_cat-bruder","7":"first","8":"instock","9":"taxable","10":"shipping-taxable","11":"product-type-simple"},"aioseo_notices":[],"_links":{"self":[{"href":"https:\/\/games.tactic.net\/sv\/wp-json\/wp\/v2\/product\/761368","targetHints":{"allow":["GET"]}}],"collection":[{"href":"https:\/\/games.tactic.net\/sv\/wp-json\/wp\/v2\/product"}],"about":[{"href":"https:\/\/games.tactic.net\/sv\/wp-json\/wp\/v2\/types\/product"}],"wp:attachment":[{"href":"https:\/\/games.tactic.net\/sv\/wp-json\/wp\/v2\/media?parent=761368"}],"wp:term":[{"taxonomy":"product_brand","embeddable":true,"href":"https:\/\/games.tactic.net\/sv\/wp-json\/wp\/v2\/product_brand?post=761368"},{"taxonomy":"product_cat","embeddable":true,"href":"https:\/\/games.tactic.net\/sv\/wp-json\/wp\/v2\/product_cat?post=761368"},{"taxonomy":"product_tag","embeddable":true,"href":"https:\/\/games.tactic.net\/sv\/wp-json\/wp\/v2\/product_tag?post=761368"},{"taxonomy":"brand","embeddable":true,"href":"https:\/\/games.tactic.net\/sv\/wp-json\/wp\/v2\/brand?post=761368"},{"taxonomy":"target-group","embeddable":true,"href":"https:\/\/games.tactic.net\/sv\/wp-json\/wp\/v2\/target-group?post=761368"},{"taxonomy":"discontinued","embeddable":true,"href":"https:\/\/games.tactic.net\/sv\/wp-json\/wp\/v2\/discontinued?post=761368"}],"curies":[{"name":"wp","href":"https:\/\/api.w.org\/{rel}","templated":true}]}}