{"id":76093,"date":"2021-03-30T12:54:53","date_gmt":"2021-03-30T09:54:53","guid":{"rendered":"https:\/\/dev.tactic.net\/tuote\/soft-croquet-game\/"},"modified":"2024-06-24T09:02:15","modified_gmt":"2024-06-24T06:02:15","slug":"soft-croquet-game","status":"archive","type":"product","link":"https:\/\/games.tactic.net\/sv\/tuote\/soft-croquet-game\/","title":{"rendered":"Tactic Active Play Soft Croquet Game"},"content":{"rendered":"<p>Detta klassiska spel h\u00f6r hemma i varenda tr\u00e4dg\u00e5rd \u2013 och nu i vartenda vardagsrum ocks\u00e5! De mjuka materialen \u00e4r l\u00e4tta att st\u00e4lla upp och spelet \u00e4r l\u00e4tt att l\u00e4ra sig, till och med f\u00f6r de yngsta.<\/p>\n","protected":false},"excerpt":{"rendered":"<p>Detta klassiska spel h\u00f6r hemma i varenda tr\u00e4dg\u00e5rd \u2013 och nu i vartenda vardagsrum ocks\u00e5! De mjuka materialen \u00e4r l\u00e4tta att st\u00e4lla upp och spelet \u00e4r l\u00e4tt att l\u00e4ra sig, till och med f\u00f6r de yngsta.<\/p>\n","protected":false},"featured_media":0,"template":"","meta":{"content-type":"","_monsterinsights_skip_tracking":false,"_monsterinsights_sitenote_active":false,"_monsterinsights_sitenote_note":"","_monsterinsights_sitenote_category":0},"product_brand":[],"product_cat":[1543,1547],"product_tag":[1220,1249],"brand":[],"target-group":[],"discontinued":[],"class_list":{"0":"post-76093","1":"product","2":"type-product","3":"status-archive","5":"product_cat-active-play-utomhus-spel","6":"product_cat-soft-active-play-barnspel","7":"product_tag-aktion-sv","8":"product_tag-skicklighet-sv","10":"first","11":"outofstock","12":"taxable","13":"shipping-taxable","14":"product-type-simple"},"aioseo_notices":[],"_links":{"self":[{"href":"https:\/\/games.tactic.net\/sv\/wp-json\/wp\/v2\/product\/76093","targetHints":{"allow":["GET"]}}],"collection":[{"href":"https:\/\/games.tactic.net\/sv\/wp-json\/wp\/v2\/product"}],"about":[{"href":"https:\/\/games.tactic.net\/sv\/wp-json\/wp\/v2\/types\/product"}],"wp:attachment":[{"href":"https:\/\/games.tactic.net\/sv\/wp-json\/wp\/v2\/media?parent=76093"}],"wp:term":[{"taxonomy":"product_brand","embeddable":true,"href":"https:\/\/games.tactic.net\/sv\/wp-json\/wp\/v2\/product_brand?post=76093"},{"taxonomy":"product_cat","embeddable":true,"href":"https:\/\/games.tactic.net\/sv\/wp-json\/wp\/v2\/product_cat?post=76093"},{"taxonomy":"product_tag","embeddable":true,"href":"https:\/\/games.tactic.net\/sv\/wp-json\/wp\/v2\/product_tag?post=76093"},{"taxonomy":"brand","embeddable":true,"href":"https:\/\/games.tactic.net\/sv\/wp-json\/wp\/v2\/brand?post=76093"},{"taxonomy":"target-group","embeddable":true,"href":"https:\/\/games.tactic.net\/sv\/wp-json\/wp\/v2\/target-group?post=76093"},{"taxonomy":"discontinued","embeddable":true,"href":"https:\/\/games.tactic.net\/sv\/wp-json\/wp\/v2\/discontinued?post=76093"}],"curies":[{"name":"wp","href":"https:\/\/api.w.org\/{rel}","templated":true}]}}