{"id":75991,"date":"2021-03-30T12:37:10","date_gmt":"2021-03-30T09:37:10","guid":{"rendered":"https:\/\/dev.tactic.net\/tuote\/soft-can-game\/"},"modified":"2024-07-08T13:12:41","modified_gmt":"2024-07-08T10:12:41","slug":"soft-can-game","status":"archive","type":"product","link":"https:\/\/games.tactic.net\/sv\/tuote\/soft-can-game\/","title":{"rendered":"Tactic Active Play Soft Can Game"},"content":{"rendered":"<p>Stapla burkarna till ett torn eller st\u00e4ll dem bredvid varandra och s\u00e4tt fart p\u00e5 bollen. De mjuka burkarna och den mjuka bollen g\u00f6r att du p\u00e5 ett s\u00e4kert s\u00e4tt kan tr\u00e4na upp din f\u00f6rm\u00e5ga att sikta och kasta.<\/p>\n","protected":false},"excerpt":{"rendered":"<p>Stapla burkarna till ett torn eller st\u00e4ll dem bredvid varandra och s\u00e4tt fart p\u00e5 bollen. De mjuka burkarna och den mjuka bollen g\u00f6r att du p\u00e5 ett s\u00e4kert s\u00e4tt kan tr\u00e4na upp din f\u00f6rm\u00e5ga att sikta och kasta.<\/p>\n","protected":false},"featured_media":0,"template":"","meta":{"content-type":"","_monsterinsights_skip_tracking":false,"_monsterinsights_sitenote_active":false,"_monsterinsights_sitenote_note":"","_monsterinsights_sitenote_category":0},"product_brand":[],"product_cat":[1543,1547],"product_tag":[1220,1249,932],"brand":[],"target-group":[],"discontinued":[],"class_list":{"0":"post-75991","1":"product","2":"type-product","3":"status-archive","5":"product_cat-active-play-utomhus-spel","6":"product_cat-soft-active-play-barnspel","7":"product_tag-aktion-sv","8":"product_tag-skicklighet-sv","9":"product_tag-tidsfordriv","11":"first","12":"outofstock","13":"taxable","14":"shipping-taxable","15":"product-type-simple"},"aioseo_notices":[],"_links":{"self":[{"href":"https:\/\/games.tactic.net\/sv\/wp-json\/wp\/v2\/product\/75991","targetHints":{"allow":["GET"]}}],"collection":[{"href":"https:\/\/games.tactic.net\/sv\/wp-json\/wp\/v2\/product"}],"about":[{"href":"https:\/\/games.tactic.net\/sv\/wp-json\/wp\/v2\/types\/product"}],"wp:attachment":[{"href":"https:\/\/games.tactic.net\/sv\/wp-json\/wp\/v2\/media?parent=75991"}],"wp:term":[{"taxonomy":"product_brand","embeddable":true,"href":"https:\/\/games.tactic.net\/sv\/wp-json\/wp\/v2\/product_brand?post=75991"},{"taxonomy":"product_cat","embeddable":true,"href":"https:\/\/games.tactic.net\/sv\/wp-json\/wp\/v2\/product_cat?post=75991"},{"taxonomy":"product_tag","embeddable":true,"href":"https:\/\/games.tactic.net\/sv\/wp-json\/wp\/v2\/product_tag?post=75991"},{"taxonomy":"brand","embeddable":true,"href":"https:\/\/games.tactic.net\/sv\/wp-json\/wp\/v2\/brand?post=75991"},{"taxonomy":"target-group","embeddable":true,"href":"https:\/\/games.tactic.net\/sv\/wp-json\/wp\/v2\/target-group?post=75991"},{"taxonomy":"discontinued","embeddable":true,"href":"https:\/\/games.tactic.net\/sv\/wp-json\/wp\/v2\/discontinued?post=75991"}],"curies":[{"name":"wp","href":"https:\/\/api.w.org\/{rel}","templated":true}]}}