{"id":75948,"date":"2021-03-30T12:35:18","date_gmt":"2021-03-30T09:35:18","guid":{"rendered":"https:\/\/dev.tactic.net\/tuote\/foam-pogo-jumper\/"},"modified":"2023-04-17T09:50:51","modified_gmt":"2023-04-17T06:50:51","slug":"foam-pogo-jumper","status":"archive","type":"product","link":"https:\/\/games.tactic.net\/sv\/tuote\/foam-pogo-jumper\/","title":{"rendered":"Active Play Foam Pogo Jumper"},"content":{"rendered":"<p>\u00c4r ni redo f\u00f6r en studsande kappl\u00f6pning? Den mjuka foam pogo jumper r\u00f6r sig lika fort som ditt barn,men det mjuka materialet g\u00f6r det tryggt och s\u00e4kertatt studsa b\u00e5de inomhus och utomhus. <\/p>\n","protected":false},"excerpt":{"rendered":"<p dir=\"ltr\" style=\"line-height: 1.2;margin-top: 6.114593505859375pt;margin-bottom: 0pt\"><span style=\"font-size: 8.5pt;font-family: Arial;background-color: transparent;font-weight: 400;font-style: normal;text-decoration: none;vertical-align: baseline\">\u00c4r ni redo f\u00f6r en studsande kappl\u00f6pning? Den mjuka foam pogo jumper r\u00f6r sig lika fort som ditt barn,<\/span><span style=\"font-family: Arial;font-size: 8.5pt\">men det mjuka materialet g\u00f6r det tryggt och s\u00e4kert<\/span><span style=\"font-family: Arial;font-size: 8.5pt\">att studsa b\u00e5de inomhus och utomhus. <\/span><\/p>\n<p><span id=\"docs-internal-guid-31c0e05c-7fff-dbdc-1f7f-7ac61a54f69d\"><\/span><br class=\"Apple-interchange-newline\"><\/p>\n","protected":false},"featured_media":0,"template":"","meta":{"content-type":"","_monsterinsights_skip_tracking":false,"_monsterinsights_sitenote_active":false,"_monsterinsights_sitenote_note":"","_monsterinsights_sitenote_category":0},"product_brand":[],"product_cat":[1546,1547],"product_tag":[1030,1226,1249,857],"brand":[],"target-group":[],"discontinued":[],"class_list":{"0":"post-75948","1":"product","2":"type-product","3":"status-archive","5":"product_cat-soft-active-play-utomhus-spel","6":"product_cat-soft-active-play-barnspel","7":"product_tag-ensam","8":"product_tag-hastighet-sv","9":"product_tag-skicklighet-sv","10":"product_tag-tur","12":"first","13":"outofstock","14":"taxable","15":"shipping-taxable","16":"product-type-simple"},"aioseo_notices":[],"_links":{"self":[{"href":"https:\/\/games.tactic.net\/sv\/wp-json\/wp\/v2\/product\/75948","targetHints":{"allow":["GET"]}}],"collection":[{"href":"https:\/\/games.tactic.net\/sv\/wp-json\/wp\/v2\/product"}],"about":[{"href":"https:\/\/games.tactic.net\/sv\/wp-json\/wp\/v2\/types\/product"}],"wp:attachment":[{"href":"https:\/\/games.tactic.net\/sv\/wp-json\/wp\/v2\/media?parent=75948"}],"wp:term":[{"taxonomy":"product_brand","embeddable":true,"href":"https:\/\/games.tactic.net\/sv\/wp-json\/wp\/v2\/product_brand?post=75948"},{"taxonomy":"product_cat","embeddable":true,"href":"https:\/\/games.tactic.net\/sv\/wp-json\/wp\/v2\/product_cat?post=75948"},{"taxonomy":"product_tag","embeddable":true,"href":"https:\/\/games.tactic.net\/sv\/wp-json\/wp\/v2\/product_tag?post=75948"},{"taxonomy":"brand","embeddable":true,"href":"https:\/\/games.tactic.net\/sv\/wp-json\/wp\/v2\/brand?post=75948"},{"taxonomy":"target-group","embeddable":true,"href":"https:\/\/games.tactic.net\/sv\/wp-json\/wp\/v2\/target-group?post=75948"},{"taxonomy":"discontinued","embeddable":true,"href":"https:\/\/games.tactic.net\/sv\/wp-json\/wp\/v2\/discontinued?post=75948"}],"curies":[{"name":"wp","href":"https:\/\/api.w.org\/{rel}","templated":true}]}}