{"id":74915,"date":"2021-03-10T09:43:34","date_gmt":"2021-03-10T07:43:34","guid":{"rendered":"https:\/\/dev.tactic.net\/tuote\/my-first-puzzles-4x6-pcs-all-aboard\/"},"modified":"2025-10-29T09:18:48","modified_gmt":"2025-10-29T07:18:48","slug":"my-first-puzzles-4x6-pcs-all-aboard","status":"archive","type":"product","link":"https:\/\/games.tactic.net\/sv\/tuote\/my-first-puzzles-4x6-pcs-all-aboard\/","title":{"rendered":"Tactic My First Puzzle 4&#215;6 pcs All Aboard!"},"content":{"rendered":"<p>Fyra ljusa och f\u00e4rgglada pussel i en l\u00e5da. L\u00e5t oss g\u00e5 till haven.<\/p>\n","protected":false},"excerpt":{"rendered":"<p>Fyra ljusa och f\u00e4rgglada pussel i en l\u00e5da. L\u00e5t oss g\u00e5 till haven.<\/p>\n","protected":false},"featured_media":0,"template":"","meta":{"content-type":"","_monsterinsights_skip_tracking":false,"_monsterinsights_sitenote_active":false,"_monsterinsights_sitenote_note":"","_monsterinsights_sitenote_category":0},"product_brand":[],"product_cat":[1520,1571],"product_tag":[],"brand":[],"target-group":[],"discontinued":[],"class_list":{"0":"post-74915","1":"product","2":"type-product","3":"status-archive","5":"product_cat-barn-pussel","6":"product_cat-barn-pussel-barnspel","8":"first","9":"outofstock","10":"taxable","11":"shipping-taxable","12":"product-type-simple"},"aioseo_notices":[],"_links":{"self":[{"href":"https:\/\/games.tactic.net\/sv\/wp-json\/wp\/v2\/product\/74915","targetHints":{"allow":["GET"]}}],"collection":[{"href":"https:\/\/games.tactic.net\/sv\/wp-json\/wp\/v2\/product"}],"about":[{"href":"https:\/\/games.tactic.net\/sv\/wp-json\/wp\/v2\/types\/product"}],"wp:attachment":[{"href":"https:\/\/games.tactic.net\/sv\/wp-json\/wp\/v2\/media?parent=74915"}],"wp:term":[{"taxonomy":"product_brand","embeddable":true,"href":"https:\/\/games.tactic.net\/sv\/wp-json\/wp\/v2\/product_brand?post=74915"},{"taxonomy":"product_cat","embeddable":true,"href":"https:\/\/games.tactic.net\/sv\/wp-json\/wp\/v2\/product_cat?post=74915"},{"taxonomy":"product_tag","embeddable":true,"href":"https:\/\/games.tactic.net\/sv\/wp-json\/wp\/v2\/product_tag?post=74915"},{"taxonomy":"brand","embeddable":true,"href":"https:\/\/games.tactic.net\/sv\/wp-json\/wp\/v2\/brand?post=74915"},{"taxonomy":"target-group","embeddable":true,"href":"https:\/\/games.tactic.net\/sv\/wp-json\/wp\/v2\/target-group?post=74915"},{"taxonomy":"discontinued","embeddable":true,"href":"https:\/\/games.tactic.net\/sv\/wp-json\/wp\/v2\/discontinued?post=74915"}],"curies":[{"name":"wp","href":"https:\/\/api.w.org\/{rel}","templated":true}]}}