{"id":748299,"date":"2023-06-12T16:51:39","date_gmt":"2023-06-12T13:51:39","guid":{"rendered":"https:\/\/games.tactic.net\/tuote\/penol-farglaggningslada-med-5-olika-produkter\/"},"modified":"2025-11-25T11:17:11","modified_gmt":"2025-11-25T09:17:11","slug":"penol-farglaggningslada-med-5-olika-produkter","status":"archive","type":"product","link":"https:\/\/games.tactic.net\/sv\/tuote\/penol-farglaggningslada-med-5-olika-produkter\/","title":{"rendered":"Penol F\u00e4rgl\u00e4ggningsl\u00e5da med 5 olika produkter"},"content":{"rendered":"<p>Ett set med 5 olika Penol-produkter som ger en stora m\u00f6jligheter till att utveckla sin kreativitet. Inkluderar: En l\u00e5da med 36 vattenf\u00e4rger (+pensel). En l\u00e5da med 10 st magiska fiberpennor. Ett set med 12 duo-f\u00e4rgpennor (24 f\u00e4rger p\u00e5 12 pennor) Modellera i 12 olika f\u00e4rger. Glitterlim i 5 f\u00e4rger.<\/p>\n","protected":false},"excerpt":{"rendered":"<p>Ett set med 5 olika Penol-produkter som ger en stora m\u00f6jligheter till att utveckla sin kreativitet. Inkluderar: En l\u00e5da med 36 vattenf\u00e4rger (+pensel). En l\u00e5da med 10 st magiska fiberpennor. Ett set med 12 duo-f\u00e4rgpennor (24 f\u00e4rger p\u00e5 12 pennor) Modellera i 12 olika f\u00e4rger. Glitterlim i 5 f\u00e4rger.<\/p>\n","protected":false},"featured_media":748285,"template":"","meta":{"content-type":"","_monsterinsights_skip_tracking":false,"_monsterinsights_sitenote_active":false,"_monsterinsights_sitenote_note":"","_monsterinsights_sitenote_category":0},"product_brand":[],"product_cat":[2158],"product_tag":[],"brand":[],"target-group":[],"discontinued":[],"class_list":{"0":"post-748299","1":"product","2":"type-product","3":"status-archive","4":"has-post-thumbnail","6":"product_cat-farglaggning","8":"first","9":"outofstock","10":"taxable","11":"shipping-taxable","12":"product-type-simple"},"aioseo_notices":[],"_links":{"self":[{"href":"https:\/\/games.tactic.net\/sv\/wp-json\/wp\/v2\/product\/748299","targetHints":{"allow":["GET"]}}],"collection":[{"href":"https:\/\/games.tactic.net\/sv\/wp-json\/wp\/v2\/product"}],"about":[{"href":"https:\/\/games.tactic.net\/sv\/wp-json\/wp\/v2\/types\/product"}],"wp:featuredmedia":[{"embeddable":true,"href":"https:\/\/games.tactic.net\/sv\/wp-json\/wp\/v2\/media\/748285"}],"wp:attachment":[{"href":"https:\/\/games.tactic.net\/sv\/wp-json\/wp\/v2\/media?parent=748299"}],"wp:term":[{"taxonomy":"product_brand","embeddable":true,"href":"https:\/\/games.tactic.net\/sv\/wp-json\/wp\/v2\/product_brand?post=748299"},{"taxonomy":"product_cat","embeddable":true,"href":"https:\/\/games.tactic.net\/sv\/wp-json\/wp\/v2\/product_cat?post=748299"},{"taxonomy":"product_tag","embeddable":true,"href":"https:\/\/games.tactic.net\/sv\/wp-json\/wp\/v2\/product_tag?post=748299"},{"taxonomy":"brand","embeddable":true,"href":"https:\/\/games.tactic.net\/sv\/wp-json\/wp\/v2\/brand?post=748299"},{"taxonomy":"target-group","embeddable":true,"href":"https:\/\/games.tactic.net\/sv\/wp-json\/wp\/v2\/target-group?post=748299"},{"taxonomy":"discontinued","embeddable":true,"href":"https:\/\/games.tactic.net\/sv\/wp-json\/wp\/v2\/discontinued?post=748299"}],"curies":[{"name":"wp","href":"https:\/\/api.w.org\/{rel}","templated":true}]}}